{"id":9664,"date":"2021-03-30T17:13:54","date_gmt":"2021-03-30T15:13:54","guid":{"rendered":"https:\/\/fgv-rental.de\/?page_id=9664"},"modified":"2024-07-10T11:54:26","modified_gmt":"2024-07-10T09:54:26","slug":"lenses-objektive-optische-systeme-laowa-24mm-d","status":"publish","type":"page","link":"https:\/\/fgv-rental.de\/index.php\/lenses-objektive-optische-systeme-laowa-24mm-d\/","title":{"rendered":"Lenses\/Objektive &#8211; Optische Systeme &#8211; LAOWA 24mm &#8211; D"},"content":{"rendered":"\t\t<div data-elementor-type=\"wp-page\" data-elementor-id=\"9664\" class=\"elementor elementor-9664\" data-elementor-post-type=\"page\">\n\t\t\t\t\t\t<section class=\"elementor-section elementor-top-section elementor-element elementor-element-351de99 elementor-section-boxed elementor-section-height-default elementor-section-height-default\" data-id=\"351de99\" data-element_type=\"section\">\n\t\t\t\t\t\t<div class=\"elementor-container elementor-column-gap-default\">\n\t\t\t\t\t<div class=\"elementor-column elementor-col-100 elementor-top-column elementor-element elementor-element-579297c\" data-id=\"579297c\" data-element_type=\"column\">\n\t\t\t<div class=\"elementor-widget-wrap elementor-element-populated\">\n\t\t\t\t\t\t<div class=\"elementor-element elementor-element-45c2b0a elementor-widget elementor-widget-text-editor\" data-id=\"45c2b0a\" data-element_type=\"widget\" data-widget_type=\"text-editor.default\">\n\t\t\t\t<div class=\"elementor-widget-container\">\n\t\t\t\t\t\t\t<h1 style=\"text-align: center;\">Optische Systeme<\/h1>\t\t\t\t\t\t<\/div>\n\t\t\t\t<\/div>\n\t\t\t\t\t<\/div>\n\t\t<\/div>\n\t\t\t\t\t<\/div>\n\t\t<\/section>\n\t\t\t\t<section class=\"elementor-section elementor-top-section elementor-element elementor-element-1dc82da elementor-section-boxed elementor-section-height-default elementor-section-height-default\" data-id=\"1dc82da\" data-element_type=\"section\">\n\t\t\t\t\t\t<div class=\"elementor-container elementor-column-gap-default\">\n\t\t\t\t\t<div class=\"elementor-column elementor-col-100 elementor-top-column elementor-element elementor-element-8a21c73\" data-id=\"8a21c73\" data-element_type=\"column\">\n\t\t\t<div class=\"elementor-widget-wrap elementor-element-populated\">\n\t\t\t\t\t\t<div class=\"elementor-element elementor-element-722cafa elementor-widget elementor-widget-text-editor\" data-id=\"722cafa\" data-element_type=\"widget\" data-widget_type=\"text-editor.default\">\n\t\t\t\t<div class=\"elementor-widget-container\">\n\t\t\t\t\t\t\t<h1>\u00a0<\/h1><h1 style=\"text-align: center;\"><strong>LAOWA<\/strong><\/h1><div>\u00a0<\/div>\t\t\t\t\t\t<\/div>\n\t\t\t\t<\/div>\n\t\t\t\t\t<\/div>\n\t\t<\/div>\n\t\t\t\t\t<\/div>\n\t\t<\/section>\n\t\t\t\t<section class=\"elementor-section elementor-top-section elementor-element elementor-element-81cae00 elementor-section-boxed elementor-section-height-default elementor-section-height-default\" data-id=\"81cae00\" data-element_type=\"section\">\n\t\t\t\t\t\t<div class=\"elementor-container elementor-column-gap-default\">\n\t\t\t\t\t<div class=\"elementor-column elementor-col-100 elementor-top-column elementor-element elementor-element-708d97f\" data-id=\"708d97f\" data-element_type=\"column\">\n\t\t\t<div class=\"elementor-widget-wrap elementor-element-populated\">\n\t\t\t\t\t\t<div class=\"elementor-element elementor-element-97492f7 elementor-widget elementor-widget-text-editor\" data-id=\"97492f7\" data-element_type=\"widget\" data-widget_type=\"text-editor.default\">\n\t\t\t\t<div class=\"elementor-widget-container\">\n\t\t\t\t\t\t\t<table id=\"tablepress-33\" class=\"tablepress tablepress-id-33 dataTable no-footer\" style=\"height: 211px;\" role=\"grid\" width=\"264\"><tbody><tr class=\"row-436 row-highlight-h3gr even\" role=\"row\"><td class=\"column-2\">LAOWA<\/td><td class=\"column-3\">\u00a0<\/td><\/tr><tr class=\"row-437 odd\" role=\"row\"><td class=\"column-2\"><p><strong>LAOWA <\/strong><\/p><p><strong>24mm f14\u00a0\u00a0\u00a0\u00a0 <br \/><\/strong><\/p><p><img decoding=\"async\" class=\"alignnone wp-image-9651\" src=\"https:\/\/fgv-rental.de\/wp-content\/uploads\/LAOWA-24mm-300x107.jpg\" alt=\"\" width=\"100\" height=\"36\" srcset=\"https:\/\/fgv-rental.de\/wp-content\/uploads\/LAOWA-24mm-300x107.jpg 300w, https:\/\/fgv-rental.de\/wp-content\/uploads\/LAOWA-24mm-1024x365.jpg 1024w, https:\/\/fgv-rental.de\/wp-content\/uploads\/LAOWA-24mm-768x274.jpg 768w, https:\/\/fgv-rental.de\/wp-content\/uploads\/LAOWA-24mm-1536x548.jpg 1536w, https:\/\/fgv-rental.de\/wp-content\/uploads\/LAOWA-24mm-2048x730.jpg 2048w, https:\/\/fgv-rental.de\/wp-content\/uploads\/LAOWA-24mm-600x214.jpg 600w\" sizes=\"(max-width: 100px) 100vw, 100px\" \/><\/p><\/td><td class=\"column-3\">Aperture: f\/14<br \/>Close Focus: 2 cm<br \/>Min. Working Distance: ca. 47 cm<br \/>Length (Flange to Front): 38 x 408 mm<br \/>Weight: 474 g<\/td><\/tr><\/tbody><\/table>\t\t\t\t\t\t<\/div>\n\t\t\t\t<\/div>\n\t\t\t\t<div class=\"elementor-element elementor-element-aa338fb elementor-widget elementor-widget-text-editor\" data-id=\"aa338fb\" data-element_type=\"widget\" data-widget_type=\"text-editor.default\">\n\t\t\t\t<div class=\"elementor-widget-container\">\n\t\t\t\t\t\t\t<table id=\"tablepress-33\" class=\"tablepress tablepress-id-33 dataTable no-footer\" role=\"grid\"><tbody><tr class=\"row-437 odd\" role=\"row\"><td class=\"column-2\"><p class=\"product--title\"><strong>LAOWA <\/strong><\/p><p class=\"product--title\"><strong>24 mm T14<\/strong><\/p><p class=\"product--title\"><strong> 2X PeriProbe PL<\/strong><\/p><p><img decoding=\"async\" class=\"wp-image-10651 alignleft\" src=\"https:\/\/fgv-rental.de\/wp-content\/uploads\/Laowa-24-mm-T14-2X-PeriProbe-PL-1-300x207.jpg\" alt=\"\" width=\"200\" height=\"138\" srcset=\"https:\/\/fgv-rental.de\/wp-content\/uploads\/Laowa-24-mm-T14-2X-PeriProbe-PL-1-300x207.jpg 300w, https:\/\/fgv-rental.de\/wp-content\/uploads\/Laowa-24-mm-T14-2X-PeriProbe-PL-1-768x529.jpg 768w, https:\/\/fgv-rental.de\/wp-content\/uploads\/Laowa-24-mm-T14-2X-PeriProbe-PL-1-600x413.jpg 600w, https:\/\/fgv-rental.de\/wp-content\/uploads\/Laowa-24-mm-T14-2X-PeriProbe-PL-1.jpg 800w\" sizes=\"(max-width: 200px) 100vw, 200px\" \/><\/p><\/td><td class=\"column-3\">Abbildungsma\u00dfstab 2:1<br \/>Bildwinkel 85\u00b0<br \/>Blende: T14 &#8211; T40<br \/>Brennweite: 24 mm<br \/>Bug-Eye-Perspektive<br \/>gro\u00dfe Sch\u00e4rfentiefe<br \/>inkl. dimmbarem USB-Kabel, erm\u00f6glicht das Licht in 11 Stufen einzustellen<br \/>integriertes LED-Licht<br \/>Kameraanschluss: ARRI PL<br \/>langer, r\u00f6hrenf\u00f6rmiger Objektivtubus<br \/>Naheinstellgrenze: 2 cm von der Frontlinse<br \/>optischer Aufbau:\u00a028 Elemente in 19 Gruppen<br \/>Sensorabdeckung: Vollformat<br \/>Tubus austauschbar 0\u00b0 &amp; 90\u00b0<br \/>Wasserdicht bis zu einer Tiefe von ca. 20 cm<br \/>zus\u00e4tzliche 1\/4&#8243; Bohrung an der Gewindespitze f\u00fcr Zubeh\u00f6r<\/td><\/tr><\/tbody><\/table>\t\t\t\t\t\t<\/div>\n\t\t\t\t<\/div>\n\t\t\t\t<div class=\"elementor-element elementor-element-2caefd5 elementor-widget elementor-widget-text-editor\" data-id=\"2caefd5\" data-element_type=\"widget\" data-widget_type=\"text-editor.default\">\n\t\t\t\t<div class=\"elementor-widget-container\">\n\t\t\t\t\t\t\t<table id=\"tablepress-33\" class=\"tablepress tablepress-id-33 dataTable no-footer\" role=\"grid\"><tbody><tr class=\"row-437 odd\" role=\"row\"><td class=\"column-2\"><p><strong>LAOWA\u00a0\u00a0<\/strong><\/p><p><strong>24mm T8 2X Macro Pro2be\u00a0\u00a0\u00a0\u00a0\u00a0\u00a0\u00a0\u00a0\u00a0\u00a0\u00a0\u00a0\u00a0\u00a0\u00a0\u00a0\u00a0\u00a0\u00a0\u00a0\u00a0\u00a0\u00a0\u00a0\u00a0\u00a0\u00a0\u00a0\u00a0\u00a0\u00a0\u00a0\u00a0\u00a0\u00a0\u00a0 <br \/><\/strong><\/p><p><strong>3er-Set PL<\/strong><\/p><p><img decoding=\"async\" class=\"alignleft wp-image-10640\" src=\"https:\/\/fgv-rental.de\/wp-content\/uploads\/LAOWA-24mm-T8-2X-Macro-Pro2be-3er-Set-PL-300x214.webp\" alt=\"\" width=\"200\" height=\"143\" srcset=\"https:\/\/fgv-rental.de\/wp-content\/uploads\/LAOWA-24mm-T8-2X-Macro-Pro2be-3er-Set-PL-300x214.webp 300w, https:\/\/fgv-rental.de\/wp-content\/uploads\/LAOWA-24mm-T8-2X-Macro-Pro2be-3er-Set-PL.webp 350w\" sizes=\"(max-width: 200px) 100vw, 200px\" \/><\/p><\/td><td class=\"column-3\"><p><strong>Set bestehend aus:<\/strong><br \/>&#8211; 1x 24mm T8 2X Macro Pro2be 0-Modul Objektiv<br \/>&#8211; 1x 24mm T8 2X Macro Pro2be 35-Modul Objektiv<br \/>&#8211; 1x 24mm T8 2X Macro Pro2be 90-Modul Objektiv<\/p><p><strong>Merkmale:<\/strong><br \/>&#8211; 3 Frontgruppenobjektive: Direktansicht 0\u00b0, 35\u00b0, 90\u00b0<br \/>&#8211; Erm\u00f6glicht Aufnahmen an interessanten und schwierigen Orten, z. B. in Tierh\u00f6hlen, unter Wasser, in engen Spalten usw.<br \/>&#8211; Die vordere Linse ist mit einem 360\u00b0-Drehmechanismus f\u00fcr die hintere Linsengruppe gekoppelt, um verschiedene Aufnahmewinkel zu erm\u00f6glichen<br \/>&#8211; Vollst\u00e4ndig wasserdichte Struktur am vorderen Teil (36,6cm) des Objektivtubus<br \/>&#8211; 4mm extrem kurzer Fokussierabstand von der Frontlinse<br \/>&#8211; Maximale Blende T8<br \/>&#8211; 2fache Vergr\u00f6\u00dferung<br \/>&#8211; Vollformat<br \/>&#8211; Verschiedene weitere Anschl\u00fcsse als Wechselmounts verf\u00fcgbar<\/p><p><strong>Technische Daten &#8220;24mm T8 2X Macro Pro2be 0-Modul&#8221;:<\/strong><br \/>&#8211; Mount: PL-Mount \/ 0-Modul<br \/>&#8211; Sensorformat: Vollformat<br \/>&#8211; Bildwinkel: 85\u00b0<br \/>&#8211; Brennweite: 24 mm<br \/>&#8211; Naheinstellgrenze ab Frontlinse: 4 mm<br \/>&#8211; Blende: T8 bis T40<br \/>&#8211; Blendenring: stufenlos<br \/>&#8211; Blendenlamellen: 10<br \/>&#8211; Blendensteuerung: Manuell<br \/>&#8211; Fokussierung: Manuell<br \/>&#8211; Abbildungsma\u00dfstab: 2:1<br \/>&#8211; Optischer Aufbau: 33 Elemente in 24 Gruppen<\/p><p><strong>Allgemein:<\/strong><br \/>&#8211; Abmessungen (DxL): 30,4 x 500 mm<br \/>&#8211; Gewicht: 1.024 g<\/p><\/td><\/tr><\/tbody><\/table>\t\t\t\t\t\t<\/div>\n\t\t\t\t<\/div>\n\t\t\t\t\t<\/div>\n\t\t<\/div>\n\t\t\t\t\t<\/div>\n\t\t<\/section>\n\t\t\t\t<\/div>\n\t\t","protected":false},"excerpt":{"rendered":"<p>Optische Systeme \u00a0 LAOWA \u00a0 LAOWA \u00a0 LAOWA 24mm f14\u00a0\u00a0\u00a0\u00a0 Aperture: f\/14Close Focus: 2 cmMin. Working Distance: ca. 47 cmLength (Flange to Front): 38 x 408 mmWeight: 474 g LAOWA 24 mm T14 2X PeriProbe PL Abbildungsma\u00dfstab 2:1Bildwinkel 85\u00b0Blende: T14 &#8211; T40Brennweite: 24 mmBug-Eye-Perspektivegro\u00dfe Sch\u00e4rfentiefeinkl. dimmbarem USB-Kabel, erm\u00f6glicht das Licht in 11 Stufen einzustellenintegriertes LED-LichtKameraanschluss: &#8230; <a title=\"Lenses\/Objektive &#8211; Optische Systeme &#8211; LAOWA 24mm &#8211; D\" class=\"read-more\" href=\"https:\/\/fgv-rental.de\/index.php\/lenses-objektive-optische-systeme-laowa-24mm-d\/\" aria-label=\"More on Lenses\/Objektive &#8211; Optische Systeme &#8211; LAOWA 24mm &#8211; D\">Read more<\/a><\/p>\n","protected":false},"author":3,"featured_media":0,"parent":0,"menu_order":0,"comment_status":"closed","ping_status":"closed","template":"","meta":{"generate_page_header":"","footnotes":""},"class_list":["post-9664","page","type-page","status-publish"],"aioseo_notices":[],"_links":{"self":[{"href":"https:\/\/fgv-rental.de\/index.php\/wp-json\/wp\/v2\/pages\/9664","targetHints":{"allow":["GET"]}}],"collection":[{"href":"https:\/\/fgv-rental.de\/index.php\/wp-json\/wp\/v2\/pages"}],"about":[{"href":"https:\/\/fgv-rental.de\/index.php\/wp-json\/wp\/v2\/types\/page"}],"author":[{"embeddable":true,"href":"https:\/\/fgv-rental.de\/index.php\/wp-json\/wp\/v2\/users\/3"}],"replies":[{"embeddable":true,"href":"https:\/\/fgv-rental.de\/index.php\/wp-json\/wp\/v2\/comments?post=9664"}],"version-history":[{"count":20,"href":"https:\/\/fgv-rental.de\/index.php\/wp-json\/wp\/v2\/pages\/9664\/revisions"}],"predecessor-version":[{"id":10669,"href":"https:\/\/fgv-rental.de\/index.php\/wp-json\/wp\/v2\/pages\/9664\/revisions\/10669"}],"wp:attachment":[{"href":"https:\/\/fgv-rental.de\/index.php\/wp-json\/wp\/v2\/media?parent=9664"}],"curies":[{"name":"wp","href":"https:\/\/api.w.org\/{rel}","templated":true}]}}