{"id":7725,"date":"2021-03-15T17:32:18","date_gmt":"2021-03-15T16:32:18","guid":{"rendered":"https:\/\/fgv-rental.de\/?page_id=7725"},"modified":"2021-03-26T10:31:01","modified_gmt":"2021-03-26T09:31:01","slug":"sony-venice-rialto-extension-kit","status":"publish","type":"page","link":"https:\/\/fgv-rental.de\/index.php\/sony-venice-rialto-extension-kit\/","title":{"rendered":"Sony Venice Rialto Extension Kit"},"content":{"rendered":"\t\t<div data-elementor-type=\"wp-page\" data-elementor-id=\"7725\" class=\"elementor elementor-7725\" data-elementor-post-type=\"page\">\n\t\t\t\t\t\t<section class=\"elementor-section elementor-top-section elementor-element elementor-element-321ad79 elementor-section-boxed elementor-section-height-default elementor-section-height-default\" data-id=\"321ad79\" data-element_type=\"section\">\n\t\t\t\t\t\t<div class=\"elementor-container elementor-column-gap-default\">\n\t\t\t\t\t<div class=\"elementor-column elementor-col-50 elementor-top-column elementor-element elementor-element-86abb9f\" data-id=\"86abb9f\" data-element_type=\"column\">\n\t\t\t<div class=\"elementor-widget-wrap elementor-element-populated\">\n\t\t\t\t\t\t<div class=\"elementor-element elementor-element-00163fe elementor-widget elementor-widget-text-editor\" data-id=\"00163fe\" data-element_type=\"widget\" data-widget_type=\"text-editor.default\">\n\t\t\t\t<div class=\"elementor-widget-container\">\n\t\t\t\t\t\t\t<p><img fetchpriority=\"high\" decoding=\"async\" class=\"alignnone wp-image-6959 size-full\" src=\"https:\/\/fgv-rental.de\/wp-content\/uploads\/Sony-Venice-Rialto-Extension-Kit_2.jpg\" sizes=\"(max-width: 300px) 100vw, 300px\" srcset=\"https:\/\/fgv-rental.de\/wp-content\/uploads\/Sony-Venice-Rialto-Extension-Kit_2-300x206.jpg 300w, https:\/\/fgv-rental.de\/wp-content\/uploads\/Sony-Venice-Rialto-Extension-Kit_2.jpg 496w\" alt=\"\" width=\"496\" height=\"340\" \/><\/p><h2><strong>Sony Venice Rialto Extension Kit<strong><br \/><\/strong><\/strong><\/h2>\t\t\t\t\t\t<\/div>\n\t\t\t\t<\/div>\n\t\t\t\t\t<\/div>\n\t\t<\/div>\n\t\t\t\t<div class=\"elementor-column elementor-col-50 elementor-top-column elementor-element elementor-element-7c037dc\" data-id=\"7c037dc\" data-element_type=\"column\">\n\t\t\t<div class=\"elementor-widget-wrap elementor-element-populated\">\n\t\t\t\t\t\t<div class=\"elementor-element elementor-element-a61dff4 elementor-widget elementor-widget-text-editor\" data-id=\"a61dff4\" data-element_type=\"widget\" data-widget_type=\"text-editor.default\">\n\t\t\t\t<div class=\"elementor-widget-container\">\n\t\t\t\t\t\t\t<p>Das VENICE Erweiterungssystem (CBK-3610XS) erm\u00f6glicht die kabelgebundene Trennung von VENICE Kamerageh\u00e4use und Bildsensorblock f\u00fcr bis zu 5,5 m ohne Beeintr\u00e4chtigung der Bildqualit\u00e4t<\/p>\t\t\t\t\t\t<\/div>\n\t\t\t\t<\/div>\n\t\t\t\t\t<\/div>\n\t\t<\/div>\n\t\t\t\t\t<\/div>\n\t\t<\/section>\n\t\t\t\t<\/div>\n\t\t","protected":false},"excerpt":{"rendered":"<p>Sony Venice Rialto Extension Kit Das VENICE Erweiterungssystem (CBK-3610XS) erm\u00f6glicht die kabelgebundene Trennung von VENICE Kamerageh\u00e4use und Bildsensorblock f\u00fcr bis zu 5,5 m ohne Beeintr\u00e4chtigung der Bildqualit\u00e4t<\/p>\n","protected":false},"author":3,"featured_media":0,"parent":0,"menu_order":0,"comment_status":"closed","ping_status":"closed","template":"","meta":{"generate_page_header":"","footnotes":""},"class_list":["post-7725","page","type-page","status-publish"],"aioseo_notices":[],"_links":{"self":[{"href":"https:\/\/fgv-rental.de\/index.php\/wp-json\/wp\/v2\/pages\/7725","targetHints":{"allow":["GET"]}}],"collection":[{"href":"https:\/\/fgv-rental.de\/index.php\/wp-json\/wp\/v2\/pages"}],"about":[{"href":"https:\/\/fgv-rental.de\/index.php\/wp-json\/wp\/v2\/types\/page"}],"author":[{"embeddable":true,"href":"https:\/\/fgv-rental.de\/index.php\/wp-json\/wp\/v2\/users\/3"}],"replies":[{"embeddable":true,"href":"https:\/\/fgv-rental.de\/index.php\/wp-json\/wp\/v2\/comments?post=7725"}],"version-history":[{"count":6,"href":"https:\/\/fgv-rental.de\/index.php\/wp-json\/wp\/v2\/pages\/7725\/revisions"}],"predecessor-version":[{"id":9215,"href":"https:\/\/fgv-rental.de\/index.php\/wp-json\/wp\/v2\/pages\/7725\/revisions\/9215"}],"wp:attachment":[{"href":"https:\/\/fgv-rental.de\/index.php\/wp-json\/wp\/v2\/media?parent=7725"}],"curies":[{"name":"wp","href":"https:\/\/api.w.org\/{rel}","templated":true}]}}