{"id":7721,"date":"2021-03-15T17:28:54","date_gmt":"2021-03-15T16:28:54","guid":{"rendered":"https:\/\/fgv-rental.de\/?page_id=7721"},"modified":"2021-03-30T16:29:55","modified_gmt":"2021-03-30T14:29:55","slug":"sony-venice-2","status":"publish","type":"page","link":"https:\/\/fgv-rental.de\/index.php\/sony-venice-2\/","title":{"rendered":"Sony Venice"},"content":{"rendered":"\t\t<div data-elementor-type=\"wp-page\" data-elementor-id=\"7721\" class=\"elementor elementor-7721\" data-elementor-post-type=\"page\">\n\t\t\t\t\t\t<section class=\"elementor-section elementor-top-section elementor-element elementor-element-321ad79 elementor-section-boxed elementor-section-height-default elementor-section-height-default\" data-id=\"321ad79\" data-element_type=\"section\">\n\t\t\t\t\t\t<div class=\"elementor-container elementor-column-gap-default\">\n\t\t\t\t\t<div class=\"elementor-column elementor-col-50 elementor-top-column elementor-element elementor-element-86abb9f\" data-id=\"86abb9f\" data-element_type=\"column\">\n\t\t\t<div class=\"elementor-widget-wrap elementor-element-populated\">\n\t\t\t\t\t\t<div class=\"elementor-element elementor-element-00163fe elementor-widget elementor-widget-text-editor\" data-id=\"00163fe\" data-element_type=\"widget\" data-widget_type=\"text-editor.default\">\n\t\t\t\t<div class=\"elementor-widget-container\">\n\t\t\t\t\t\t\t<p>\u00a0<img fetchpriority=\"high\" decoding=\"async\" class=\"alignnone wp-image-6845 size-large\" src=\"https:\/\/fgv-rental.de\/wp-content\/uploads\/Sony-Venice-1024x670.jpg\" alt=\"\" width=\"1024\" height=\"670\" srcset=\"https:\/\/fgv-rental.de\/wp-content\/uploads\/Sony-Venice-1024x670.jpg 1024w, https:\/\/fgv-rental.de\/wp-content\/uploads\/Sony-Venice-300x196.jpg 300w, https:\/\/fgv-rental.de\/wp-content\/uploads\/Sony-Venice-768x502.jpg 768w, https:\/\/fgv-rental.de\/wp-content\/uploads\/Sony-Venice-1536x1005.jpg 1536w, https:\/\/fgv-rental.de\/wp-content\/uploads\/Sony-Venice-600x392.jpg 600w, https:\/\/fgv-rental.de\/wp-content\/uploads\/Sony-Venice.jpg 2000w\" sizes=\"(max-width: 1024px) 100vw, 1024px\" \/><\/p><pre><strong>Sony Venice<\/strong><br \/><br \/>EVF<br \/>Top Handle<br \/>2x AXS 512GB memory card<br \/>1x AXS-CR1 Access card reader<br \/>4x Batteries<br \/>1x Charger<\/pre>\t\t\t\t\t\t<\/div>\n\t\t\t\t<\/div>\n\t\t\t\t\t<\/div>\n\t\t<\/div>\n\t\t\t\t<div class=\"elementor-column elementor-col-50 elementor-top-column elementor-element elementor-element-7c037dc\" data-id=\"7c037dc\" data-element_type=\"column\">\n\t\t\t<div class=\"elementor-widget-wrap elementor-element-populated\">\n\t\t\t\t\t\t<div class=\"elementor-element elementor-element-a61dff4 elementor-widget elementor-widget-text-editor\" data-id=\"a61dff4\" data-element_type=\"widget\" data-widget_type=\"text-editor.default\">\n\t\t\t\t<div class=\"elementor-widget-container\">\n\t\t\t\t\t\t\t<p>neu entwickelter 6K-Vollformatsensor (36x24mm)<br \/>15 Blendenstufen Dynamikumfang<br \/>8 eingebaute mechanische ND-Filter<br \/>E-Mount Objektivanschluss, mit PL Mount-Anschluss (aufgeschraubt)<br \/>*Lever Lock Type E-Mount ben\u00f6tigt Firmware Update.<br \/>4 x 12G, 3G, 1,5G- SDI Ausg\u00e4nge<br \/>Austauschbarer Sensor f\u00fcr mehr Zukunftssicherheit<br \/>neues Farbmanagement mit besseren Workflows beim Grading<br \/>Kompatibel mit einer Vielzahl an Objektiven: Anamorphotischen, S35 und Vollformat-Objektive mit PL Anschluss<\/p>\t\t\t\t\t\t<\/div>\n\t\t\t\t<\/div>\n\t\t\t\t\t<\/div>\n\t\t<\/div>\n\t\t\t\t\t<\/div>\n\t\t<\/section>\n\t\t\t\t<section class=\"elementor-section elementor-top-section elementor-element elementor-element-95caf56 elementor-section-boxed elementor-section-height-default elementor-section-height-default\" data-id=\"95caf56\" data-element_type=\"section\">\n\t\t\t\t\t\t<div class=\"elementor-container elementor-column-gap-default\">\n\t\t\t\t\t<div class=\"elementor-column elementor-col-100 elementor-top-column elementor-element elementor-element-68838fa\" data-id=\"68838fa\" data-element_type=\"column\">\n\t\t\t<div class=\"elementor-widget-wrap elementor-element-populated\">\n\t\t\t\t\t\t<div class=\"elementor-element elementor-element-9f4ec0d elementor-widget elementor-widget-toggle\" data-id=\"9f4ec0d\" data-element_type=\"widget\" data-widget_type=\"toggle.default\">\n\t\t\t\t<div class=\"elementor-widget-container\">\n\t\t\t\t\t<div class=\"elementor-toggle\">\n\t\t\t\t\t\t\t<div class=\"elementor-toggle-item\">\n\t\t\t\t\t<div id=\"elementor-tab-title-1671\" class=\"elementor-tab-title\" data-tab=\"1\" role=\"button\" aria-controls=\"elementor-tab-content-1671\" aria-expanded=\"false\">\n\t\t\t\t\t\t\t\t\t\t\t\t<span class=\"elementor-toggle-icon elementor-toggle-icon-left\" aria-hidden=\"true\">\n\t\t\t\t\t\t\t\t\t\t\t\t\t\t\t<span class=\"elementor-toggle-icon-closed\"><i class=\"fas fa-caret-right\"><\/i><\/span>\n\t\t\t\t\t\t\t\t<span class=\"elementor-toggle-icon-opened\"><i class=\"elementor-toggle-icon-opened fas fa-caret-up\"><\/i><\/span>\n\t\t\t\t\t\t\t\t\t\t\t\t\t<\/span>\n\t\t\t\t\t\t\t\t\t\t\t\t<a class=\"elementor-toggle-title\" tabindex=\"0\">Aditional Accessories<\/a>\n\t\t\t\t\t<\/div>\n\n\t\t\t\t\t<div id=\"elementor-tab-content-1671\" class=\"elementor-tab-content elementor-clearfix\" data-tab=\"1\" role=\"region\" aria-labelledby=\"elementor-tab-title-1671\"><table id=\"tablepress-1\" class=\"tablepress tablepress-id-1 dataTable no-footer\" role=\"grid\"><tbody><tr class=\"row-13 row-highlight-h3gr odd\" role=\"row\"><td class=\"column-2\"><strong>Sony Venice<\/strong><\/td><td class=\"column-3\">\u00a0<\/td><\/tr><tr class=\"row-14 even\" role=\"row\"><td class=\"column-2\">SONY Venice\/Cine anamorph + FF License<\/td><td class=\"column-3\">\u00a0<\/td><\/tr><tr class=\"row-15 odd\" role=\"row\"><td class=\"column-2\">SONY Venice\/Cine High Speed License<\/td><td class=\"column-3\">\u00a0<\/td><\/tr><tr class=\"row-16 even\" role=\"row\"><td class=\"column-2\"><a href=\"https:\/\/fgv-rental.de\/index.php\/sony-venice-rialto-extension-kit\/\">SONY CBK &#8211; Rialto\u00a0Extension Kit<\/a><\/td><td class=\"column-3\">\u00a0<\/td><\/tr><tr class=\"row-17 odd\" role=\"row\"><td class=\"column-2\">Wooden Camera D Box<\/td><td class=\"column-3\">\u00a0<\/td><\/tr><tr class=\"row-18 even\" role=\"row\"><td class=\"column-2\">AXS-RS7 \/ Venice 2K &amp; 4K Recorder<\/td><td class=\"column-3\">\u00a0<\/td><\/tr><tr class=\"row-19 odd\" role=\"row\"><td class=\"column-2\">AXS-A memory card<\/td><td class=\"column-3\">\u00a0<\/td><\/tr><tr class=\"row-20 even\" role=\"row\"><td class=\"column-2\">AXS-AR1 cardreader Thunderbolt2<\/td><td class=\"column-3\">\u00a0<\/td><\/tr><tr class=\"row-19 odd\" role=\"row\"><td class=\"column-2\">AXS-CR1 Access card reader<\/td><td class=\"column-3\">\u00a0<\/td><\/tr><\/tbody><\/table><\/div>\n\t\t\t\t<\/div>\n\t\t\t\t\t\t\t\t<\/div>\n\t\t\t\t<\/div>\n\t\t\t\t<\/div>\n\t\t\t\t\t<\/div>\n\t\t<\/div>\n\t\t\t\t\t<\/div>\n\t\t<\/section>\n\t\t\t\t<\/div>\n\t\t","protected":false},"excerpt":{"rendered":"<p>\u00a0 Sony VeniceEVFTop Handle2x AXS 512GB memory card1x AXS-CR1 Access card reader4x Batteries1x Charger neu entwickelter 6K-Vollformatsensor (36x24mm)15 Blendenstufen Dynamikumfang8 eingebaute mechanische ND-FilterE-Mount Objektivanschluss, mit PL Mount-Anschluss (aufgeschraubt)*Lever Lock Type E-Mount ben\u00f6tigt Firmware Update.4 x 12G, 3G, 1,5G- SDI Ausg\u00e4ngeAustauschbarer Sensor f\u00fcr mehr Zukunftssicherheitneues Farbmanagement mit besseren Workflows beim GradingKompatibel mit einer Vielzahl an Objektiven: &#8230; <a title=\"Sony Venice\" class=\"read-more\" href=\"https:\/\/fgv-rental.de\/index.php\/sony-venice-2\/\" aria-label=\"More on Sony Venice\">Read more<\/a><\/p>\n","protected":false},"author":3,"featured_media":0,"parent":0,"menu_order":0,"comment_status":"closed","ping_status":"closed","template":"","meta":{"generate_page_header":"","footnotes":""},"class_list":["post-7721","page","type-page","status-publish"],"aioseo_notices":[],"_links":{"self":[{"href":"https:\/\/fgv-rental.de\/index.php\/wp-json\/wp\/v2\/pages\/7721","targetHints":{"allow":["GET"]}}],"collection":[{"href":"https:\/\/fgv-rental.de\/index.php\/wp-json\/wp\/v2\/pages"}],"about":[{"href":"https:\/\/fgv-rental.de\/index.php\/wp-json\/wp\/v2\/types\/page"}],"author":[{"embeddable":true,"href":"https:\/\/fgv-rental.de\/index.php\/wp-json\/wp\/v2\/users\/3"}],"replies":[{"embeddable":true,"href":"https:\/\/fgv-rental.de\/index.php\/wp-json\/wp\/v2\/comments?post=7721"}],"version-history":[{"count":26,"href":"https:\/\/fgv-rental.de\/index.php\/wp-json\/wp\/v2\/pages\/7721\/revisions"}],"predecessor-version":[{"id":9615,"href":"https:\/\/fgv-rental.de\/index.php\/wp-json\/wp\/v2\/pages\/7721\/revisions\/9615"}],"wp:attachment":[{"href":"https:\/\/fgv-rental.de\/index.php\/wp-json\/wp\/v2\/media?parent=7721"}],"curies":[{"name":"wp","href":"https:\/\/api.w.org\/{rel}","templated":true}]}}