{"id":7679,"date":"2021-03-15T16:41:32","date_gmt":"2021-03-15T15:41:32","guid":{"rendered":"https:\/\/fgv-rental.de\/?page_id=7679"},"modified":"2021-03-30T16:27:24","modified_gmt":"2021-03-30T14:27:24","slug":"arri-alexa-sxt-3","status":"publish","type":"page","link":"https:\/\/fgv-rental.de\/index.php\/arri-alexa-sxt-3\/","title":{"rendered":"Arri Alexa SXT"},"content":{"rendered":"\t\t<div data-elementor-type=\"wp-page\" data-elementor-id=\"7679\" class=\"elementor elementor-7679\" data-elementor-post-type=\"page\">\n\t\t\t\t\t\t<section class=\"elementor-section elementor-top-section elementor-element elementor-element-6761ac0 elementor-section-boxed elementor-section-height-default elementor-section-height-default\" data-id=\"6761ac0\" data-element_type=\"section\">\n\t\t\t\t\t\t<div class=\"elementor-container elementor-column-gap-default\">\n\t\t\t\t\t<div class=\"elementor-column elementor-col-50 elementor-top-column elementor-element elementor-element-d2e0c91\" data-id=\"d2e0c91\" data-element_type=\"column\">\n\t\t\t<div class=\"elementor-widget-wrap elementor-element-populated\">\n\t\t\t\t\t\t<div class=\"elementor-element elementor-element-109dd0f elementor-widget elementor-widget-text-editor\" data-id=\"109dd0f\" data-element_type=\"widget\" data-widget_type=\"text-editor.default\">\n\t\t\t\t<div class=\"elementor-widget-container\">\n\t\t\t\t\t\t\t<p><img fetchpriority=\"high\" decoding=\"async\" class=\"alignnone wp-image-7636 size-large\" src=\"https:\/\/fgv-rental.de\/wp-content\/uploads\/arri-Alexa-Sxt-1-1024x578.jpg\" alt=\"\" width=\"1024\" height=\"578\" srcset=\"https:\/\/fgv-rental.de\/wp-content\/uploads\/arri-Alexa-Sxt-1-1024x578.jpg 1024w, https:\/\/fgv-rental.de\/wp-content\/uploads\/arri-Alexa-Sxt-1-300x169.jpg 300w, https:\/\/fgv-rental.de\/wp-content\/uploads\/arri-Alexa-Sxt-1-768x434.jpg 768w, https:\/\/fgv-rental.de\/wp-content\/uploads\/arri-Alexa-Sxt-1-600x339.jpg 600w, https:\/\/fgv-rental.de\/wp-content\/uploads\/arri-Alexa-Sxt-1.jpg 1176w\" sizes=\"(max-width: 1024px) 100vw, 1024px\" \/><\/p><pre><strong>Arri Alexa SXT<\/strong><br \/><br \/>EVF<br \/>Top Handle<br \/>1 TB Media Storge<br \/>1x Reader <br \/>4x Batteries<br \/>1x Battery Charger<\/pre>\t\t\t\t\t\t<\/div>\n\t\t\t\t<\/div>\n\t\t\t\t\t<\/div>\n\t\t<\/div>\n\t\t\t\t<div class=\"elementor-column elementor-col-50 elementor-top-column elementor-element elementor-element-6f30c2b\" data-id=\"6f30c2b\" data-element_type=\"column\">\n\t\t\t<div class=\"elementor-widget-wrap elementor-element-populated\">\n\t\t\t\t\t\t<div class=\"elementor-element elementor-element-feeb22e elementor-widget elementor-widget-text-editor\" data-id=\"feeb22e\" data-element_type=\"widget\" data-widget_type=\"text-editor.default\">\n\t\t\t\t<div class=\"elementor-widget-container\">\n\t\t\t\t\t\t\t<p>35mm Format Digital Cinema Kamera mit 4 Sensor Modi (Open Gate, 4:3, 6:5 und 16:9)<br \/>Integrierter Video Transmitter f\u00fcr Wireless Umgebung<br \/>Eingebaute FSND-Filterhalterung, PL Mount und ARRI Objektivdaten-System<br \/>In-Camera ARRI-RAW Aufzeichnung auf SXR und XR Speichermedien mit bis zu 120 FPS<br \/>14 unterschiedliche Aufzeichnungsformate, alle in ARRIRAW und ProRes (4444XQ,4444,422HQ,422)<br \/>ProRes HD, 2K, 3.2K and 4K; ARRIRAW in 2,8K, 3,2K und 3,4K<br \/>Look Management und 3D-LUT Unterst\u00fctzung<br \/>HDR Monitoring mit 4 unabh\u00e4ngigen Monitor-Ausg\u00e4ngen<br \/>Rec.709 und Rec.2020 Ausg\u00e4nge<br \/>Verbesserte Rauschunterdr\u00fcckung und Bildprozessierung (16-Bit Prozessing)<br \/>Mit zus\u00e4tzlich erh\u00e4ltlichen Modulen Aufzeichnung auf SxS Pro, SxS PRO+ oder CFast2.0 m\u00f6glich<br \/>Integrierte Wireless-Remote Steuerung der Kamera und Objektivmotoren<br \/>Zus\u00e4tzliche Anschl\u00fcsse f\u00fcr Kamera &amp; Objektivsteuerung, Signal Ausgang und Stromausgang f\u00fcr Zubeh\u00f6r<\/p>\t\t\t\t\t\t<\/div>\n\t\t\t\t<\/div>\n\t\t\t\t\t<\/div>\n\t\t<\/div>\n\t\t\t\t\t<\/div>\n\t\t<\/section>\n\t\t\t\t<section class=\"elementor-section elementor-top-section elementor-element elementor-element-5b29789 elementor-section-boxed elementor-section-height-default elementor-section-height-default\" data-id=\"5b29789\" data-element_type=\"section\">\n\t\t\t\t\t\t<div class=\"elementor-container elementor-column-gap-default\">\n\t\t\t\t\t<div class=\"elementor-column elementor-col-100 elementor-top-column elementor-element elementor-element-6a8db82\" data-id=\"6a8db82\" data-element_type=\"column\">\n\t\t\t<div class=\"elementor-widget-wrap elementor-element-populated\">\n\t\t\t\t\t\t<div class=\"elementor-element elementor-element-5de6280 elementor-widget elementor-widget-toggle\" data-id=\"5de6280\" data-element_type=\"widget\" data-widget_type=\"toggle.default\">\n\t\t\t\t<div class=\"elementor-widget-container\">\n\t\t\t\t\t<div class=\"elementor-toggle\">\n\t\t\t\t\t\t\t<div class=\"elementor-toggle-item\">\n\t\t\t\t\t<div id=\"elementor-tab-title-9841\" class=\"elementor-tab-title\" data-tab=\"1\" role=\"button\" aria-controls=\"elementor-tab-content-9841\" aria-expanded=\"false\">\n\t\t\t\t\t\t\t\t\t\t\t\t<span class=\"elementor-toggle-icon elementor-toggle-icon-left\" aria-hidden=\"true\">\n\t\t\t\t\t\t\t\t\t\t\t\t\t\t\t<span class=\"elementor-toggle-icon-closed\"><i class=\"fas fa-caret-right\"><\/i><\/span>\n\t\t\t\t\t\t\t\t<span class=\"elementor-toggle-icon-opened\"><i class=\"elementor-toggle-icon-opened fas fa-caret-up\"><\/i><\/span>\n\t\t\t\t\t\t\t\t\t\t\t\t\t<\/span>\n\t\t\t\t\t\t\t\t\t\t\t\t<a class=\"elementor-toggle-title\" tabindex=\"0\">Aditional Accessories<\/a>\n\t\t\t\t\t<\/div>\n\n\t\t\t\t\t<div id=\"elementor-tab-content-9841\" class=\"elementor-tab-content elementor-clearfix\" data-tab=\"1\" role=\"region\" aria-labelledby=\"elementor-tab-title-9841\"><table id=\"tablepress-1\" class=\"tablepress tablepress-id-1 dataTable no-footer\" role=\"grid\"><tbody><tr class=\"row-5 row-highlight-h3gr odd\" role=\"row\"><td class=\"column-2\"><strong>ALEXA SXT Paket <\/strong><\/td><td class=\"column-3\">\u00a0<\/td><\/tr><tr class=\"row-6 even\" role=\"row\"><td class=\"column-2\">SXR Capture Drive 2 TB<\/td><td class=\"column-3\">\u00a0<\/td><\/tr><tr class=\"row-7 odd\" role=\"row\"><td class=\"column-2\">Codex Capture Drive Single Dock<\/td><\/tr><\/tbody><\/table><\/div>\n\t\t\t\t<\/div>\n\t\t\t\t\t\t\t\t<\/div>\n\t\t\t\t<\/div>\n\t\t\t\t<\/div>\n\t\t\t\t\t<\/div>\n\t\t<\/div>\n\t\t\t\t\t<\/div>\n\t\t<\/section>\n\t\t\t\t<\/div>\n\t\t","protected":false},"excerpt":{"rendered":"<p>Arri Alexa SXTEVFTop Handle1 TB Media Storge1x Reader 4x Batteries1x Battery Charger 35mm Format Digital Cinema Kamera mit 4 Sensor Modi (Open Gate, 4:3, 6:5 und 16:9)Integrierter Video Transmitter f\u00fcr Wireless UmgebungEingebaute FSND-Filterhalterung, PL Mount und ARRI Objektivdaten-SystemIn-Camera ARRI-RAW Aufzeichnung auf SXR und XR Speichermedien mit bis zu 120 FPS14 unterschiedliche Aufzeichnungsformate, alle in ARRIRAW &#8230; <a title=\"Arri Alexa SXT\" class=\"read-more\" href=\"https:\/\/fgv-rental.de\/index.php\/arri-alexa-sxt-3\/\" aria-label=\"More on Arri Alexa SXT\">Read more<\/a><\/p>\n","protected":false},"author":3,"featured_media":0,"parent":0,"menu_order":0,"comment_status":"closed","ping_status":"closed","template":"","meta":{"generate_page_header":"","footnotes":""},"class_list":["post-7679","page","type-page","status-publish"],"aioseo_notices":[],"_links":{"self":[{"href":"https:\/\/fgv-rental.de\/index.php\/wp-json\/wp\/v2\/pages\/7679","targetHints":{"allow":["GET"]}}],"collection":[{"href":"https:\/\/fgv-rental.de\/index.php\/wp-json\/wp\/v2\/pages"}],"about":[{"href":"https:\/\/fgv-rental.de\/index.php\/wp-json\/wp\/v2\/types\/page"}],"author":[{"embeddable":true,"href":"https:\/\/fgv-rental.de\/index.php\/wp-json\/wp\/v2\/users\/3"}],"replies":[{"embeddable":true,"href":"https:\/\/fgv-rental.de\/index.php\/wp-json\/wp\/v2\/comments?post=7679"}],"version-history":[{"count":10,"href":"https:\/\/fgv-rental.de\/index.php\/wp-json\/wp\/v2\/pages\/7679\/revisions"}],"predecessor-version":[{"id":9609,"href":"https:\/\/fgv-rental.de\/index.php\/wp-json\/wp\/v2\/pages\/7679\/revisions\/9609"}],"wp:attachment":[{"href":"https:\/\/fgv-rental.de\/index.php\/wp-json\/wp\/v2\/media?parent=7679"}],"curies":[{"name":"wp","href":"https:\/\/api.w.org\/{rel}","templated":true}]}}