{"id":7669,"date":"2021-03-15T16:27:33","date_gmt":"2021-03-15T15:27:33","guid":{"rendered":"https:\/\/fgv-rental.de\/?page_id=7669"},"modified":"2021-03-30T16:28:54","modified_gmt":"2021-03-30T14:28:54","slug":"arri-alexa-plus","status":"publish","type":"page","link":"https:\/\/fgv-rental.de\/index.php\/arri-alexa-plus\/","title":{"rendered":"ARRI ALEXA PLUS"},"content":{"rendered":"\t\t<div data-elementor-type=\"wp-page\" data-elementor-id=\"7669\" class=\"elementor elementor-7669\" data-elementor-post-type=\"page\">\n\t\t\t\t\t\t<section class=\"elementor-section elementor-top-section elementor-element elementor-element-33c5442 elementor-section-boxed elementor-section-height-default elementor-section-height-default\" data-id=\"33c5442\" data-element_type=\"section\">\n\t\t\t\t\t\t<div class=\"elementor-container elementor-column-gap-default\">\n\t\t\t\t\t<div class=\"elementor-column elementor-col-50 elementor-top-column elementor-element elementor-element-d7c95c5\" data-id=\"d7c95c5\" data-element_type=\"column\">\n\t\t\t<div class=\"elementor-widget-wrap elementor-element-populated\">\n\t\t\t\t\t\t<div class=\"elementor-element elementor-element-48d3467 elementor-widget elementor-widget-text-editor\" data-id=\"48d3467\" data-element_type=\"widget\" data-widget_type=\"text-editor.default\">\n\t\t\t\t<div class=\"elementor-widget-container\">\n\t\t\t\t\t\t\t<p><img fetchpriority=\"high\" decoding=\"async\" class=\"alignnone wp-image-6848 size-full\" src=\"https:\/\/fgv-rental.de\/wp-content\/uploads\/Alexa-Plus.jpg\" sizes=\"(max-width: 300px) 100vw, 300px\" srcset=\"https:\/\/fgv-rental.de\/wp-content\/uploads\/Alexa-Plus-300x169.jpg 300w, https:\/\/fgv-rental.de\/wp-content\/uploads\/Alexa-Plus.jpg 512w\" alt=\"\" width=\"512\" height=\"288\" \/><\/p><pre><strong>ARRI ALEXA PLUS<\/strong><br \/><br \/>EVF<br \/>Top Handle<br \/>1 TB Media Storge<br \/>1x Reader <br \/>4x Batteries<br \/>1x Battery Charger<\/pre>\t\t\t\t\t\t<\/div>\n\t\t\t\t<\/div>\n\t\t\t\t\t<\/div>\n\t\t<\/div>\n\t\t\t\t<div class=\"elementor-column elementor-col-50 elementor-top-column elementor-element elementor-element-d3ee0a8\" data-id=\"d3ee0a8\" data-element_type=\"column\">\n\t\t\t<div class=\"elementor-widget-wrap elementor-element-populated\">\n\t\t\t\t\t\t<div class=\"elementor-element elementor-element-a9102be elementor-widget elementor-widget-text-editor\" data-id=\"a9102be\" data-element_type=\"widget\" data-widget_type=\"text-editor.default\">\n\t\t\t\t<div class=\"elementor-widget-container\">\n\t\t\t\t\t\t\t<p>klassische Alexa, Anamorphic und 4:3 Lizenz (damit auch perfekt f\u00fcr 2X Anamorphoten geeignet).<br \/>-zus\u00e4tzlich in der Plus Version mit CLM Motoranschl\u00fcsse f\u00fcr entspannte Funksch\u00e4rfesetups in Kombination mit WCU-4 und Arri CLM Motoren<\/p><p>35mm Alev III CMOS Sensor \/ 800 EI<br \/>in-camera recording SxS Memory Cards<br \/>Apple Quick Time Pro Res 4:2:2 HQ oder<br \/>Pro Res 4444 HD mit emb. Audio &amp; Metadata<br \/>Recording Outputs Uncompressed HD Video oder<br \/>Uncompressed ARRI RAW mit emb. Audio &amp; Metadata<br \/>electronic shutter 5\u00b0 \u2013 358\u00b0<\/p>\t\t\t\t\t\t<\/div>\n\t\t\t\t<\/div>\n\t\t\t\t\t<\/div>\n\t\t<\/div>\n\t\t\t\t\t<\/div>\n\t\t<\/section>\n\t\t\t\t<section class=\"elementor-section elementor-top-section elementor-element elementor-element-2b24872 elementor-section-boxed elementor-section-height-default elementor-section-height-default\" data-id=\"2b24872\" data-element_type=\"section\">\n\t\t\t\t\t\t<div class=\"elementor-container elementor-column-gap-default\">\n\t\t\t\t\t<div class=\"elementor-column elementor-col-100 elementor-top-column elementor-element elementor-element-c217187\" data-id=\"c217187\" data-element_type=\"column\">\n\t\t\t<div class=\"elementor-widget-wrap elementor-element-populated\">\n\t\t\t\t\t\t<div class=\"elementor-element elementor-element-2d8621b elementor-widget elementor-widget-toggle\" data-id=\"2d8621b\" data-element_type=\"widget\" data-widget_type=\"toggle.default\">\n\t\t\t\t<div class=\"elementor-widget-container\">\n\t\t\t\t\t<div class=\"elementor-toggle\">\n\t\t\t\t\t\t\t<div class=\"elementor-toggle-item\">\n\t\t\t\t\t<div id=\"elementor-tab-title-4771\" class=\"elementor-tab-title\" data-tab=\"1\" role=\"button\" aria-controls=\"elementor-tab-content-4771\" aria-expanded=\"false\">\n\t\t\t\t\t\t\t\t\t\t\t\t<span class=\"elementor-toggle-icon elementor-toggle-icon-left\" aria-hidden=\"true\">\n\t\t\t\t\t\t\t\t\t\t\t\t\t\t\t<span class=\"elementor-toggle-icon-closed\"><i class=\"fas fa-caret-right\"><\/i><\/span>\n\t\t\t\t\t\t\t\t<span class=\"elementor-toggle-icon-opened\"><i class=\"elementor-toggle-icon-opened fas fa-caret-up\"><\/i><\/span>\n\t\t\t\t\t\t\t\t\t\t\t\t\t<\/span>\n\t\t\t\t\t\t\t\t\t\t\t\t<a class=\"elementor-toggle-title\" tabindex=\"0\">Aditional Accessories<\/a>\n\t\t\t\t\t<\/div>\n\n\t\t\t\t\t<div id=\"elementor-tab-content-4771\" class=\"elementor-tab-content elementor-clearfix\" data-tab=\"1\" role=\"region\" aria-labelledby=\"elementor-tab-title-4771\"><table id=\"tablepress-1\" class=\"tablepress tablepress-id-1 dataTable no-footer\" role=\"grid\"><tbody><tr class=\"row-13 row-highlight-h3gr odd\" role=\"row\"><td class=\"column-2\"><strong>Alexa PLUS<\/strong><\/td><td class=\"column-3\">\u00a0<\/td><\/tr><tr class=\"row-14 even\" role=\"row\"><td class=\"column-2\">Highspeed Lizenz<\/td><td class=\"column-3\">\u00a0<\/td><\/tr><tr class=\"row-15 odd\" role=\"row\"><td class=\"column-2\">SxS Memory Cards 64 GB<\/td><td class=\"column-3\">\u00a0<\/td><\/tr><tr class=\"row-16 even\" role=\"row\"><td class=\"column-2\">SxS Memory Cards 128 GB<\/td><td class=\"column-3\">\u00a0<\/td><\/tr><tr class=\"row-17 odd\" role=\"row\"><td class=\"column-2\">SxS Memory Cards 256 GB<\/td><td class=\"column-3\">\u00a0<\/td><\/tr><\/tbody><\/table><\/div>\n\t\t\t\t<\/div>\n\t\t\t\t\t\t\t\t<\/div>\n\t\t\t\t<\/div>\n\t\t\t\t<\/div>\n\t\t\t\t\t<\/div>\n\t\t<\/div>\n\t\t\t\t\t<\/div>\n\t\t<\/section>\n\t\t\t\t<\/div>\n\t\t","protected":false},"excerpt":{"rendered":"<p>ARRI ALEXA PLUSEVFTop Handle1 TB Media Storge1x Reader 4x Batteries1x Battery Charger klassische Alexa, Anamorphic und 4:3 Lizenz (damit auch perfekt f\u00fcr 2X Anamorphoten geeignet).-zus\u00e4tzlich in der Plus Version mit CLM Motoranschl\u00fcsse f\u00fcr entspannte Funksch\u00e4rfesetups in Kombination mit WCU-4 und Arri CLM Motoren 35mm Alev III CMOS Sensor \/ 800 EIin-camera recording SxS Memory CardsApple &#8230; <a title=\"ARRI ALEXA PLUS\" class=\"read-more\" href=\"https:\/\/fgv-rental.de\/index.php\/arri-alexa-plus\/\" aria-label=\"More on ARRI ALEXA PLUS\">Read more<\/a><\/p>\n","protected":false},"author":3,"featured_media":0,"parent":0,"menu_order":0,"comment_status":"closed","ping_status":"closed","template":"","meta":{"generate_page_header":"","footnotes":""},"class_list":["post-7669","page","type-page","status-publish"],"aioseo_notices":[],"_links":{"self":[{"href":"https:\/\/fgv-rental.de\/index.php\/wp-json\/wp\/v2\/pages\/7669","targetHints":{"allow":["GET"]}}],"collection":[{"href":"https:\/\/fgv-rental.de\/index.php\/wp-json\/wp\/v2\/pages"}],"about":[{"href":"https:\/\/fgv-rental.de\/index.php\/wp-json\/wp\/v2\/types\/page"}],"author":[{"embeddable":true,"href":"https:\/\/fgv-rental.de\/index.php\/wp-json\/wp\/v2\/users\/3"}],"replies":[{"embeddable":true,"href":"https:\/\/fgv-rental.de\/index.php\/wp-json\/wp\/v2\/comments?post=7669"}],"version-history":[{"count":13,"href":"https:\/\/fgv-rental.de\/index.php\/wp-json\/wp\/v2\/pages\/7669\/revisions"}],"predecessor-version":[{"id":9613,"href":"https:\/\/fgv-rental.de\/index.php\/wp-json\/wp\/v2\/pages\/7669\/revisions\/9613"}],"wp:attachment":[{"href":"https:\/\/fgv-rental.de\/index.php\/wp-json\/wp\/v2\/media?parent=7669"}],"curies":[{"name":"wp","href":"https:\/\/api.w.org\/{rel}","templated":true}]}}