{"id":7651,"date":"2021-03-15T16:15:42","date_gmt":"2021-03-15T15:15:42","guid":{"rendered":"https:\/\/fgv-rental.de\/?page_id=7651"},"modified":"2021-03-22T12:46:59","modified_gmt":"2021-03-22T11:46:59","slug":"arri-alexa-mini-raw","status":"publish","type":"page","link":"https:\/\/fgv-rental.de\/index.php\/arri-alexa-mini-raw\/","title":{"rendered":"Arri Alexa Mini &#8211; ARRI RAW"},"content":{"rendered":"\t\t<div data-elementor-type=\"wp-page\" data-elementor-id=\"7651\" class=\"elementor elementor-7651\" data-elementor-post-type=\"page\">\n\t\t\t\t\t\t<section class=\"elementor-section elementor-top-section elementor-element elementor-element-8115ce6 elementor-section-boxed elementor-section-height-default elementor-section-height-default\" data-id=\"8115ce6\" data-element_type=\"section\">\n\t\t\t\t\t\t<div class=\"elementor-container elementor-column-gap-default\">\n\t\t\t\t\t<div class=\"elementor-column elementor-col-50 elementor-top-column elementor-element elementor-element-0648076\" data-id=\"0648076\" data-element_type=\"column\">\n\t\t\t<div class=\"elementor-widget-wrap elementor-element-populated\">\n\t\t\t\t\t\t<div class=\"elementor-element elementor-element-02d7487 elementor-widget elementor-widget-text-editor\" data-id=\"02d7487\" data-element_type=\"widget\" data-widget_type=\"text-editor.default\">\n\t\t\t\t<div class=\"elementor-widget-container\">\n\t\t\t\t\t\t\t<p><img fetchpriority=\"high\" decoding=\"async\" src=\"https:\/\/fgv-rental.de\/wp-content\/uploads\/ARRI-ALEXA-Mini-300x206.jpg\" alt=\"\" width=\"300\" height=\"206\" \/><strong><br \/><\/strong><\/p><h2><strong>ARRI ALEXA Mini RAW<br \/><\/strong><\/h2><p>incl. 4:3 Licence Key &amp; ARRI RAW Licence<br \/>EVF, Bridge Plate, Top Handle, Battery Hotswap<br \/>4x 256GB Cfast Cards, 1x CFAST Reader<br \/>4x V-Mount Battery, 1x Battery Charger<\/p>\t\t\t\t\t\t<\/div>\n\t\t\t\t<\/div>\n\t\t\t\t\t<\/div>\n\t\t<\/div>\n\t\t\t\t<div class=\"elementor-column elementor-col-50 elementor-top-column elementor-element elementor-element-5082c08\" data-id=\"5082c08\" data-element_type=\"column\">\n\t\t\t<div class=\"elementor-widget-wrap elementor-element-populated\">\n\t\t\t\t\t\t<div class=\"elementor-element elementor-element-74de994 elementor-widget elementor-widget-text-editor\" data-id=\"74de994\" data-element_type=\"widget\" data-widget_type=\"text-editor.default\">\n\t\t\t\t<div class=\"elementor-widget-container\">\n\t\t\t\t\t\t\t<p>leichtes Geh\u00e4use aus Carbon (Kohlenstofffaser) mit Titan-Objektivfassung<br \/>wechselbare Objektivanschl\u00fcsse: PL, EF &amp; B4 verf\u00fcgbar (nicht im Lieferumfang)<br \/>14 Blenden Dynamikumfang<br \/>ARRI Lens Data System<br \/>vielseitige Befestigungs- und Aufnahmem\u00f6glichkeiten<br \/>interne Aufzeichnung auf Cfast 2.0 Speicherkarten<br \/>ProRes Aufnahmen mit bis zu 200 fps<br \/>Unkomprimierte ARRIRAW* Aufnahmen mit bis zu 30 fps<br \/>4:3 Sensor f\u00fcr anamorphische Produktionen<br \/>LUT Unterst\u00fctzung<br \/>Peaking, False Color, Zebra<br \/>Integrierte Funkschnittstelle f\u00fcr ARRI Objektivsteuerung<\/p>\t\t\t\t\t\t<\/div>\n\t\t\t\t<\/div>\n\t\t\t\t\t<\/div>\n\t\t<\/div>\n\t\t\t\t\t<\/div>\n\t\t<\/section>\n\t\t\t\t<section class=\"elementor-section elementor-top-section elementor-element elementor-element-fd70afa elementor-section-boxed elementor-section-height-default elementor-section-height-default\" data-id=\"fd70afa\" data-element_type=\"section\">\n\t\t\t\t\t\t<div class=\"elementor-container elementor-column-gap-default\">\n\t\t\t\t\t<div class=\"elementor-column elementor-col-100 elementor-top-column elementor-element elementor-element-c6fae0d\" data-id=\"c6fae0d\" data-element_type=\"column\">\n\t\t\t<div class=\"elementor-widget-wrap elementor-element-populated\">\n\t\t\t\t\t\t<div class=\"elementor-element elementor-element-99ffcb4 elementor-widget elementor-widget-toggle\" data-id=\"99ffcb4\" data-element_type=\"widget\" data-widget_type=\"toggle.default\">\n\t\t\t\t<div class=\"elementor-widget-container\">\n\t\t\t\t\t<div class=\"elementor-toggle\">\n\t\t\t\t\t\t\t<div class=\"elementor-toggle-item\">\n\t\t\t\t\t<div id=\"elementor-tab-title-1611\" class=\"elementor-tab-title\" data-tab=\"1\" role=\"button\" aria-controls=\"elementor-tab-content-1611\" aria-expanded=\"false\">\n\t\t\t\t\t\t\t\t\t\t\t\t<span class=\"elementor-toggle-icon elementor-toggle-icon-left\" aria-hidden=\"true\">\n\t\t\t\t\t\t\t\t\t\t\t\t\t\t\t<span class=\"elementor-toggle-icon-closed\"><i class=\"fas fa-caret-right\"><\/i><\/span>\n\t\t\t\t\t\t\t\t<span class=\"elementor-toggle-icon-opened\"><i class=\"elementor-toggle-icon-opened fas fa-caret-up\"><\/i><\/span>\n\t\t\t\t\t\t\t\t\t\t\t\t\t<\/span>\n\t\t\t\t\t\t\t\t\t\t\t\t<a class=\"elementor-toggle-title\" tabindex=\"0\">Aditional Accessories<\/a>\n\t\t\t\t\t<\/div>\n\n\t\t\t\t\t<div id=\"elementor-tab-content-1611\" class=\"elementor-tab-content elementor-clearfix\" data-tab=\"1\" role=\"region\" aria-labelledby=\"elementor-tab-title-1611\"><table id=\"tablepress-1\" class=\"tablepress tablepress-id-1 dataTable no-footer\" role=\"grid\"><tbody><tr class=\"row-13 row-highlight-h3gr odd\" role=\"row\"><td class=\"column-2\"><strong>Alexa Mini <\/strong><\/td><td class=\"column-3\">\u00a0<\/td><\/tr><tr class=\"row-14 even\" role=\"row\"><td class=\"column-2\">RAW Option f\u00fcr Mini<\/td><td class=\"column-3\">\u00a0<\/td><\/tr><tr class=\"row-15 odd\" role=\"row\"><td class=\"column-2\">Starbright Transvideo Monitor<\/td><td class=\"column-3\">\u00a0<\/td><\/tr><tr class=\"row-16 even\" role=\"row\"><td class=\"column-2\">C-Fast Karte 120 GB f\u00fcr Amira\/Mini<\/td><td class=\"column-3\">\u00a0<\/td><\/tr><tr class=\"row-17 odd\" role=\"row\"><td class=\"column-2\">C-Fast Karte 256 GB f\u00fcr Amira\/Mini<\/td><td class=\"column-3\">\u00a0<\/td><\/tr><tr class=\"row-18 even\" role=\"row\"><td class=\"column-2\">C-Fast Reader<\/td><td class=\"column-3\">\u00a0<\/td><\/tr><tr class=\"row-19 odd\" role=\"row\"><td class=\"column-2\">EF Mount Amira\/Mini<\/td><td class=\"column-3\">\u00a0<\/td><\/tr><\/tbody><\/table><\/div>\n\t\t\t\t<\/div>\n\t\t\t\t\t\t\t\t<\/div>\n\t\t\t\t<\/div>\n\t\t\t\t<\/div>\n\t\t\t\t\t<\/div>\n\t\t<\/div>\n\t\t\t\t\t<\/div>\n\t\t<\/section>\n\t\t\t\t<\/div>\n\t\t","protected":false},"excerpt":{"rendered":"<p>ARRI ALEXA Mini RAW incl. 4:3 Licence Key &amp; ARRI RAW LicenceEVF, Bridge Plate, Top Handle, Battery Hotswap4x 256GB Cfast Cards, 1x CFAST Reader4x V-Mount Battery, 1x Battery Charger leichtes Geh\u00e4use aus Carbon (Kohlenstofffaser) mit Titan-Objektivfassungwechselbare Objektivanschl\u00fcsse: PL, EF &amp; B4 verf\u00fcgbar (nicht im Lieferumfang)14 Blenden DynamikumfangARRI Lens Data Systemvielseitige Befestigungs- und Aufnahmem\u00f6glichkeiteninterne Aufzeichnung auf &#8230; <a title=\"Arri Alexa Mini &#8211; ARRI RAW\" class=\"read-more\" href=\"https:\/\/fgv-rental.de\/index.php\/arri-alexa-mini-raw\/\" aria-label=\"More on Arri Alexa Mini &#8211; ARRI RAW\">Read more<\/a><\/p>\n","protected":false},"author":3,"featured_media":0,"parent":0,"menu_order":0,"comment_status":"closed","ping_status":"closed","template":"","meta":{"generate_page_header":"","footnotes":""},"class_list":["post-7651","page","type-page","status-publish"],"aioseo_notices":[],"_links":{"self":[{"href":"https:\/\/fgv-rental.de\/index.php\/wp-json\/wp\/v2\/pages\/7651","targetHints":{"allow":["GET"]}}],"collection":[{"href":"https:\/\/fgv-rental.de\/index.php\/wp-json\/wp\/v2\/pages"}],"about":[{"href":"https:\/\/fgv-rental.de\/index.php\/wp-json\/wp\/v2\/types\/page"}],"author":[{"embeddable":true,"href":"https:\/\/fgv-rental.de\/index.php\/wp-json\/wp\/v2\/users\/3"}],"replies":[{"embeddable":true,"href":"https:\/\/fgv-rental.de\/index.php\/wp-json\/wp\/v2\/comments?post=7651"}],"version-history":[{"count":8,"href":"https:\/\/fgv-rental.de\/index.php\/wp-json\/wp\/v2\/pages\/7651\/revisions"}],"predecessor-version":[{"id":8193,"href":"https:\/\/fgv-rental.de\/index.php\/wp-json\/wp\/v2\/pages\/7651\/revisions\/8193"}],"wp:attachment":[{"href":"https:\/\/fgv-rental.de\/index.php\/wp-json\/wp\/v2\/media?parent=7651"}],"curies":[{"name":"wp","href":"https:\/\/api.w.org\/{rel}","templated":true}]}}