{"id":4900,"date":"2018-04-25T23:06:57","date_gmt":"2018-04-25T21:06:57","guid":{"rendered":"https:\/\/fgv-rental.de\/?page_id=4900"},"modified":"2020-02-27T17:28:03","modified_gmt":"2020-02-27T16:28:03","slug":"customer-d","status":"publish","type":"page","link":"https:\/\/fgv-rental.de\/index.php\/customer-d\/","title":{"rendered":"customer-d"},"content":{"rendered":"\t\t<div data-elementor-type=\"wp-post\" data-elementor-id=\"4900\" class=\"elementor elementor-4900 elementor-bc-flex-widget\" data-elementor-post-type=\"page\">\n\t\t\t\t\t\t<section class=\"elementor-section elementor-top-section elementor-element elementor-element-8c999bc elementor-section-boxed elementor-section-height-default elementor-section-height-default\" data-id=\"8c999bc\" data-element_type=\"section\">\n\t\t\t\t\t\t<div class=\"elementor-container elementor-column-gap-default\">\n\t\t\t\t\t<div class=\"elementor-column elementor-col-100 elementor-top-column elementor-element elementor-element-b13c027\" data-id=\"b13c027\" data-element_type=\"column\">\n\t\t\t<div class=\"elementor-widget-wrap elementor-element-populated\">\n\t\t\t\t\t\t<div class=\"elementor-element elementor-element-d055736 elementor-widget elementor-widget-heading\" data-id=\"d055736\" data-element_type=\"widget\" data-widget_type=\"heading.default\">\n\t\t\t\t<div class=\"elementor-widget-container\">\n\t\t\t<h1 class=\"elementor-heading-title elementor-size-default\">Herzlich Willkommen<\/h1>\t\t<\/div>\n\t\t\t\t<\/div>\n\t\t\t\t<div class=\"elementor-element elementor-element-7e1d565 elementor-widget elementor-widget-text-editor\" data-id=\"7e1d565\" data-element_type=\"widget\" data-widget_type=\"text-editor.default\">\n\t\t\t\t<div class=\"elementor-widget-container\">\n\t\t\t\t\t\t\t<p>Wir freuen uns schon auf die Zusammenarbeit mit Ihnen.<br \/>Damit alles von Anfang an reibungslos klappt, legen wir als Erstes ein Kundenkonto an. Dazu m\u00f6chten wir Sie bitten, das folgende Formular auszuf\u00fcllen.<\/p><p><strong>Erkl\u00e4rung zum Datenschutz<\/strong>:<br \/>Es unterliegt Ihrer freien Entscheidung, ob Sie die folgenden Daten angeben. Wir verzichten in unserem Kontaktformular vollst\u00e4ndig auf sogenannte Pflichtfelder. Es versteht sich aber von selbst, dass wir f\u00fcr einzelne Vorg\u00e4nge auf entsprechende Angaben angewiesen sind. Zum Zusenden unseres Newsletters ben\u00f6tigen wir eine g\u00fcltige Emailadresse. W\u00fcnschen Sie eine bargeldlose Abrechnung, so ben\u00f6tigen wir die Daten zu Ihrer Bankverbindung. M\u00f6chten Sie ein KFZ mieten, so sind wir gehalten, Ihre Fahrerlaubnis zu erfassen. Auf unseren Webseiten werden die Daten verschl\u00fcsselt \u00fcber das Internet \u00fcbertragen. Innerhalb unserer Infrastruktur k\u00f6nnen die Daten im Haus auch unverschl\u00fcsselt \u00fcbertragen werden.<br \/>Alle ben\u00f6tigten Angaben k\u00f6nnen nat\u00fcrlich auch &#8220;offline&#8221; im Rahmen des jeweiligen Gesch\u00e4ftsvorganges erfasst werden.<\/p><p>Unsere vollst\u00e4ndige Datenschutzerkl\u00e4rung finden Sie <a href=\"https:\/\/fgv-rental.de\/index.php\/legal-dataprotection-d\/\" target=\"_blank\" rel=\"noopener\">hier<\/a>.<\/p>\t\t\t\t\t\t<\/div>\n\t\t\t\t<\/div>\n\t\t\t\t<div class=\"elementor-element elementor-element-de877dc elementor-button-align-center elementor-widget elementor-widget-form\" data-id=\"de877dc\" data-element_type=\"widget\" data-settings=\"{&quot;step_next_label&quot;:&quot;N\\u00e4chster&quot;,&quot;step_previous_label&quot;:&quot;Voriger&quot;,&quot;step_type&quot;:&quot;number_text&quot;,&quot;step_icon_shape&quot;:&quot;circle&quot;}\" data-widget_type=\"form.default\">\n\t\t\t\t<div class=\"elementor-widget-container\">\n\t\t\t\t\t<form class=\"elementor-form\" method=\"post\" name=\"contact-d\">\n\t\t\t<input type=\"hidden\" name=\"post_id\" value=\"4900\"\/>\n\t\t\t<input type=\"hidden\" name=\"form_id\" value=\"de877dc\"\/>\n\t\t\t<input type=\"hidden\" name=\"referer_title\" value=\"\" \/>\n\n\t\t\t\n\t\t\t<div class=\"elementor-form-fields-wrapper elementor-labels-\">\n\t\t\t\t\t\t\t\t<div class=\"elementor-field-type-text elementor-field-group elementor-column elementor-field-group-Firmenname elementor-col-100\">\n\t\t\t\t\t\t\t\t\t\t\t\t<label for=\"form-field-Firmenname\" class=\"elementor-field-label elementor-screen-only\">\n\t\t\t\t\t\t\t\tFirmenname\t\t\t\t\t\t\t<\/label>\n\t\t\t\t\t\t\t\t\t\t\t\t\t\t<input size=\"1\" type=\"text\" name=\"form_fields[Firmenname]\" id=\"form-field-Firmenname\" class=\"elementor-field elementor-size-sm  elementor-field-textual\" placeholder=\"Firmenname\">\n\t\t\t\t\t\t\t\t\t\t\t<\/div>\n\t\t\t\t\t\t\t\t<div class=\"elementor-field-type-text elementor-field-group elementor-column elementor-field-group-USt_ID elementor-col-25\">\n\t\t\t\t\t\t\t\t\t\t\t\t<label for=\"form-field-USt_ID\" class=\"elementor-field-label elementor-screen-only\">\n\t\t\t\t\t\t\t\tEU Umsatzsteuer ID\t\t\t\t\t\t\t<\/label>\n\t\t\t\t\t\t\t\t\t\t\t\t\t\t<input size=\"1\" type=\"text\" name=\"form_fields[USt_ID]\" id=\"form-field-USt_ID\" class=\"elementor-field elementor-size-sm  elementor-field-textual\" placeholder=\"EU Umsatzsteuer ID\">\n\t\t\t\t\t\t\t\t\t\t\t<\/div>\n\t\t\t\t\t\t\t\t<div class=\"elementor-field-type-text elementor-field-group elementor-column elementor-field-group-Handelsregister elementor-col-25\">\n\t\t\t\t\t\t\t\t\t\t\t\t<label for=\"form-field-Handelsregister\" class=\"elementor-field-label elementor-screen-only\">\n\t\t\t\t\t\t\t\tHandelsregister Nr\t\t\t\t\t\t\t<\/label>\n\t\t\t\t\t\t\t\t\t\t\t\t\t\t<input size=\"1\" type=\"text\" name=\"form_fields[Handelsregister]\" id=\"form-field-Handelsregister\" class=\"elementor-field elementor-size-sm  elementor-field-textual\" placeholder=\"Handelsregister Nr.\">\n\t\t\t\t\t\t\t\t\t\t\t<\/div>\n\t\t\t\t\t\t\t\t<div class=\"elementor-field-type-text elementor-field-group elementor-column elementor-field-group-Rechtsform elementor-col-25\">\n\t\t\t\t\t\t\t\t\t\t\t\t<label for=\"form-field-Rechtsform\" class=\"elementor-field-label elementor-screen-only\">\n\t\t\t\t\t\t\t\tRechtsform\t\t\t\t\t\t\t<\/label>\n\t\t\t\t\t\t\t\t\t\t\t\t\t\t<input size=\"1\" type=\"text\" name=\"form_fields[Rechtsform]\" id=\"form-field-Rechtsform\" class=\"elementor-field elementor-size-sm  elementor-field-textual\" placeholder=\"Rechtsform\">\n\t\t\t\t\t\t\t\t\t\t\t<\/div>\n\t\t\t\t\t\t\t\t<div class=\"elementor-field-type-text elementor-field-group elementor-column elementor-field-group-Existiert_seit elementor-col-25\">\n\t\t\t\t\t\t\t\t\t\t\t\t<label for=\"form-field-Existiert_seit\" class=\"elementor-field-label elementor-screen-only\">\n\t\t\t\t\t\t\t\tFirma existiert seit\t\t\t\t\t\t\t<\/label>\n\t\t\t\t\t\t\t\t\t\t\t\t\t\t<input size=\"1\" type=\"text\" name=\"form_fields[Existiert_seit]\" id=\"form-field-Existiert_seit\" class=\"elementor-field elementor-size-sm  elementor-field-textual\" placeholder=\"Firma existiert seit\">\n\t\t\t\t\t\t\t\t\t\t\t<\/div>\n\t\t\t\t\t\t\t\t<div class=\"elementor-field-type-text elementor-field-group elementor-column elementor-field-group-Zeichnungsberechtigt elementor-col-75\">\n\t\t\t\t\t\t\t\t\t\t\t\t<label for=\"form-field-Zeichnungsberechtigt\" class=\"elementor-field-label elementor-screen-only\">\n\t\t\t\t\t\t\t\tZeichnungsberechtigt\t\t\t\t\t\t\t<\/label>\n\t\t\t\t\t\t\t\t\t\t\t\t\t\t<input size=\"1\" type=\"text\" name=\"form_fields[Zeichnungsberechtigt]\" id=\"form-field-Zeichnungsberechtigt\" class=\"elementor-field elementor-size-sm  elementor-field-textual\" placeholder=\"Zeichnungsberechtigt\">\n\t\t\t\t\t\t\t\t\t\t\t<\/div>\n\t\t\t\t\t\t\t\t<div class=\"elementor-field-type-checkbox elementor-field-group elementor-column elementor-field-group-Firma elementor-col-100\">\n\t\t\t\t\t\t\t\t\t\t\t\t<label for=\"form-field-Firma\" class=\"elementor-field-label elementor-screen-only\">\n\t\t\t\t\t\t\t\tFirma\t\t\t\t\t\t\t<\/label>\n\t\t\t\t\t\t<div class=\"elementor-field-subgroup  \"><span class=\"elementor-field-option\"><input type=\"checkbox\" value=\"Firma\" id=\"form-field-Firma-0\" name=\"form_fields[Firma]\"> <label for=\"form-field-Firma-0\">Firma<\/label><\/span><\/div>\t\t\t\t<\/div>\n\t\t\t\t\t\t\t\t<div class=\"elementor-field-type-radio elementor-field-group elementor-column elementor-field-group-Kontakt_Typ_2 elementor-col-100\">\n\t\t\t\t\t\t\t\t\t\t\t\t<label for=\"form-field-Kontakt_Typ_2\" class=\"elementor-field-label elementor-screen-only\">\n\t\t\t\t\t\t\t\tKontakt-Typ\t\t\t\t\t\t\t<\/label>\n\t\t\t\t\t\t<div class=\"elementor-field-subgroup  \"><span class=\"elementor-field-option\"><input type=\"radio\" value=\"Inhaber\" id=\"form-field-Kontakt_Typ_2-0\" name=\"form_fields[Kontakt_Typ_2]\"> <label for=\"form-field-Kontakt_Typ_2-0\">Inhaber<\/label><\/span><span class=\"elementor-field-option\"><input type=\"radio\" value=\"Gesch\u00e4ftsf\u00fchrer\" id=\"form-field-Kontakt_Typ_2-1\" name=\"form_fields[Kontakt_Typ_2]\"> <label for=\"form-field-Kontakt_Typ_2-1\">Gesch\u00e4ftsf\u00fchrer<\/label><\/span><span class=\"elementor-field-option\"><input type=\"radio\" value=\"pers. haftender Gesellschafter\" id=\"form-field-Kontakt_Typ_2-2\" name=\"form_fields[Kontakt_Typ_2]\"> <label for=\"form-field-Kontakt_Typ_2-2\">pers. haftender Gesellschafter<\/label><\/span><span class=\"elementor-field-option\"><input type=\"radio\" value=\"Einzelperson\" id=\"form-field-Kontakt_Typ_2-3\" name=\"form_fields[Kontakt_Typ_2]\"> <label for=\"form-field-Kontakt_Typ_2-3\">Einzelperson<\/label><\/span><\/div>\t\t\t\t<\/div>\n\t\t\t\t\t\t\t\t<div class=\"elementor-field-type-text elementor-field-group elementor-column elementor-field-group-Vorname elementor-col-50\">\n\t\t\t\t\t\t\t\t\t\t\t\t<label for=\"form-field-Vorname\" class=\"elementor-field-label elementor-screen-only\">\n\t\t\t\t\t\t\t\tVorname\t\t\t\t\t\t\t<\/label>\n\t\t\t\t\t\t\t\t\t\t\t\t\t\t<input size=\"1\" type=\"text\" name=\"form_fields[Vorname]\" id=\"form-field-Vorname\" class=\"elementor-field elementor-size-sm  elementor-field-textual\" placeholder=\"Vorname\">\n\t\t\t\t\t\t\t\t\t\t\t<\/div>\n\t\t\t\t\t\t\t\t<div class=\"elementor-field-type-text elementor-field-group elementor-column elementor-field-group-Name elementor-col-50\">\n\t\t\t\t\t\t\t\t\t\t\t\t<label for=\"form-field-Name\" class=\"elementor-field-label elementor-screen-only\">\n\t\t\t\t\t\t\t\tName\t\t\t\t\t\t\t<\/label>\n\t\t\t\t\t\t\t\t\t\t\t\t\t\t<input size=\"1\" type=\"text\" name=\"form_fields[Name]\" id=\"form-field-Name\" class=\"elementor-field elementor-size-sm  elementor-field-textual\" placeholder=\"Name\">\n\t\t\t\t\t\t\t\t\t\t\t<\/div>\n\t\t\t\t\t\t\t\t<div class=\"elementor-field-type-text elementor-field-group elementor-column elementor-field-group-Position_Funktion elementor-col-100\">\n\t\t\t\t\t\t\t\t\t\t\t\t<label for=\"form-field-Position_Funktion\" class=\"elementor-field-label elementor-screen-only\">\n\t\t\t\t\t\t\t\tPosition - Funktion\t\t\t\t\t\t\t<\/label>\n\t\t\t\t\t\t\t\t\t\t\t\t\t\t<input size=\"1\" type=\"text\" name=\"form_fields[Position_Funktion]\" id=\"form-field-Position_Funktion\" class=\"elementor-field elementor-size-sm  elementor-field-textual\" placeholder=\"Position \/ Funktion\">\n\t\t\t\t\t\t\t\t\t\t\t<\/div>\n\t\t\t\t\t\t\t\t<div class=\"elementor-field-type-text elementor-field-group elementor-column elementor-field-group-Adresse elementor-col-100\">\n\t\t\t\t\t\t\t\t\t\t\t\t<label for=\"form-field-Adresse\" class=\"elementor-field-label elementor-screen-only\">\n\t\t\t\t\t\t\t\tAnschrift\t\t\t\t\t\t\t<\/label>\n\t\t\t\t\t\t\t\t\t\t\t\t\t\t<input size=\"1\" type=\"text\" name=\"form_fields[Adresse]\" id=\"form-field-Adresse\" class=\"elementor-field elementor-size-sm  elementor-field-textual\" placeholder=\"Anschrift (Stra\u00dfe und Hausnummer)\">\n\t\t\t\t\t\t\t\t\t\t\t<\/div>\n\t\t\t\t\t\t\t\t<div class=\"elementor-field-type-text elementor-field-group elementor-column elementor-field-group-field_1 elementor-col-25\">\n\t\t\t\t\t\t\t\t\t\t\t\t<label for=\"form-field-field_1\" class=\"elementor-field-label elementor-screen-only\">\n\t\t\t\t\t\t\t\tLand\t\t\t\t\t\t\t<\/label>\n\t\t\t\t\t\t\t\t\t\t\t\t\t\t<input size=\"1\" type=\"text\" name=\"form_fields[field_1]\" id=\"form-field-field_1\" class=\"elementor-field elementor-size-sm  elementor-field-textual\" placeholder=\"Land\">\n\t\t\t\t\t\t\t\t\t\t\t<\/div>\n\t\t\t\t\t\t\t\t<div class=\"elementor-field-type-text elementor-field-group elementor-column elementor-field-group-PLZ elementor-col-25\">\n\t\t\t\t\t\t\t\t\t\t\t\t<label for=\"form-field-PLZ\" class=\"elementor-field-label elementor-screen-only\">\n\t\t\t\t\t\t\t\tPLZ\t\t\t\t\t\t\t<\/label>\n\t\t\t\t\t\t\t\t\t\t\t\t\t\t<input size=\"1\" type=\"text\" name=\"form_fields[PLZ]\" id=\"form-field-PLZ\" class=\"elementor-field elementor-size-sm  elementor-field-textual\" placeholder=\"PLZ\">\n\t\t\t\t\t\t\t\t\t\t\t<\/div>\n\t\t\t\t\t\t\t\t<div class=\"elementor-field-type-text elementor-field-group elementor-column elementor-field-group-Ort elementor-col-50\">\n\t\t\t\t\t\t\t\t\t\t\t\t<label for=\"form-field-Ort\" class=\"elementor-field-label elementor-screen-only\">\n\t\t\t\t\t\t\t\tOrt\t\t\t\t\t\t\t<\/label>\n\t\t\t\t\t\t\t\t\t\t\t\t\t\t<input size=\"1\" type=\"text\" name=\"form_fields[Ort]\" id=\"form-field-Ort\" class=\"elementor-field elementor-size-sm  elementor-field-textual\" placeholder=\"Ort\">\n\t\t\t\t\t\t\t\t\t\t\t<\/div>\n\t\t\t\t\t\t\t\t<div class=\"elementor-field-type-tel elementor-field-group elementor-column elementor-field-group-Telefon elementor-col-33\">\n\t\t\t\t\t\t\t\t\t\t\t\t<label for=\"form-field-Telefon\" class=\"elementor-field-label elementor-screen-only\">\n\t\t\t\t\t\t\t\tTelefon\t\t\t\t\t\t\t<\/label>\n\t\t\t\t\t\t\t\t<input size=\"1\" type=\"tel\" name=\"form_fields[Telefon]\" id=\"form-field-Telefon\" class=\"elementor-field elementor-size-sm  elementor-field-textual\" placeholder=\"Telefon\" pattern=\"[0-9()#&amp;+*-=.]+\" title=\"Nur Nummern oder Telefon-Zeichen (#, -, *, etc) werden akzeptiert.\">\n\n\t\t\t\t\t\t<\/div>\n\t\t\t\t\t\t\t\t<div class=\"elementor-field-type-tel elementor-field-group elementor-column elementor-field-group-Fax elementor-col-33\">\n\t\t\t\t\t\t\t\t\t\t\t\t<label for=\"form-field-Fax\" class=\"elementor-field-label elementor-screen-only\">\n\t\t\t\t\t\t\t\tFax\t\t\t\t\t\t\t<\/label>\n\t\t\t\t\t\t\t\t<input size=\"1\" type=\"tel\" name=\"form_fields[Fax]\" id=\"form-field-Fax\" class=\"elementor-field elementor-size-sm  elementor-field-textual\" placeholder=\"Fax\" pattern=\"[0-9()#&amp;+*-=.]+\" title=\"Nur Nummern oder Telefon-Zeichen (#, -, *, etc) werden akzeptiert.\">\n\n\t\t\t\t\t\t<\/div>\n\t\t\t\t\t\t\t\t<div class=\"elementor-field-type-tel elementor-field-group elementor-column elementor-field-group-Mobil elementor-col-33\">\n\t\t\t\t\t\t\t\t\t\t\t\t<label for=\"form-field-Mobil\" class=\"elementor-field-label elementor-screen-only\">\n\t\t\t\t\t\t\t\tMobil\t\t\t\t\t\t\t<\/label>\n\t\t\t\t\t\t\t\t<input size=\"1\" type=\"tel\" name=\"form_fields[Mobil]\" id=\"form-field-Mobil\" class=\"elementor-field elementor-size-sm  elementor-field-textual\" placeholder=\"Mobil\" pattern=\"[0-9()#&amp;+*-=.]+\" title=\"Nur Nummern oder Telefon-Zeichen (#, -, *, etc) werden akzeptiert.\">\n\n\t\t\t\t\t\t<\/div>\n\t\t\t\t\t\t\t\t<div class=\"elementor-field-type-email elementor-field-group elementor-column elementor-field-group-Email elementor-col-50\">\n\t\t\t\t\t\t\t\t\t\t\t\t<label for=\"form-field-Email\" class=\"elementor-field-label elementor-screen-only\">\n\t\t\t\t\t\t\t\tEmail\t\t\t\t\t\t\t<\/label>\n\t\t\t\t\t\t\t\t\t\t\t\t\t\t<input size=\"1\" type=\"email\" name=\"form_fields[Email]\" id=\"form-field-Email\" class=\"elementor-field elementor-size-sm  elementor-field-textual\" placeholder=\"Email\">\n\t\t\t\t\t\t\t\t\t\t\t<\/div>\n\t\t\t\t\t\t\t\t<div class=\"elementor-field-type-url elementor-field-group elementor-column elementor-field-group-Webseite elementor-col-50\">\n\t\t\t\t\t\t\t\t\t\t\t\t<label for=\"form-field-Webseite\" class=\"elementor-field-label elementor-screen-only\">\n\t\t\t\t\t\t\t\tWebpage\t\t\t\t\t\t\t<\/label>\n\t\t\t\t\t\t\t\t\t\t\t\t\t\t<input size=\"1\" type=\"url\" name=\"form_fields[Webseite]\" id=\"form-field-Webseite\" class=\"elementor-field elementor-size-sm  elementor-field-textual\" placeholder=\"Webpage\">\n\t\t\t\t\t\t\t\t\t\t\t<\/div>\n\t\t\t\t\t\t\t\t<div class=\"elementor-field-type-text elementor-field-group elementor-column elementor-field-group-FS_Nr elementor-col-33\">\n\t\t\t\t\t\t\t\t\t\t\t\t<label for=\"form-field-FS_Nr\" class=\"elementor-field-label elementor-screen-only\">\n\t\t\t\t\t\t\t\tFS-Nr\t\t\t\t\t\t\t<\/label>\n\t\t\t\t\t\t\t\t\t\t\t\t\t\t<input size=\"1\" type=\"text\" name=\"form_fields[FS_Nr]\" id=\"form-field-FS_Nr\" class=\"elementor-field elementor-size-sm  elementor-field-textual\" placeholder=\"FS-Nr. (bei KFZ-Miete)\">\n\t\t\t\t\t\t\t\t\t\t\t<\/div>\n\t\t\t\t\t\t\t\t<div class=\"elementor-field-type-text elementor-field-group elementor-column elementor-field-group-Perso_Nr elementor-col-33\">\n\t\t\t\t\t\t\t\t\t\t\t\t<label for=\"form-field-Perso_Nr\" class=\"elementor-field-label elementor-screen-only\">\n\t\t\t\t\t\t\t\tPersonalausweis-Nr\t\t\t\t\t\t\t<\/label>\n\t\t\t\t\t\t\t\t\t\t\t\t\t\t<input size=\"1\" type=\"text\" name=\"form_fields[Perso_Nr]\" id=\"form-field-Perso_Nr\" class=\"elementor-field elementor-size-sm  elementor-field-textual\" placeholder=\"Personalausweis-Nr.\">\n\t\t\t\t\t\t\t\t\t\t\t<\/div>\n\t\t\t\t\t\t\t\t<div class=\"elementor-field-type-date elementor-field-group elementor-column elementor-field-group-Geburtsdatum elementor-col-33\">\n\t\t\t\t\t\t\t\t\t\t\t\t<label for=\"form-field-Geburtsdatum\" class=\"elementor-field-label elementor-screen-only\">\n\t\t\t\t\t\t\t\tGeburtsdatum\t\t\t\t\t\t\t<\/label>\n\t\t\t\t\t\t\n\t\t<input type=\"date\" name=\"form_fields[Geburtsdatum]\" id=\"form-field-Geburtsdatum\" class=\"elementor-field elementor-size-sm  elementor-field-textual elementor-date-field\" placeholder=\"Geburtsdatum\" pattern=\"[0-9]{4}-[0-9]{2}-[0-9]{2}\">\n\t\t\t\t\t\t<\/div>\n\t\t\t\t\t\t\t\t<div class=\"elementor-field-type-text elementor-field-group elementor-column elementor-field-group-Bank elementor-col-33\">\n\t\t\t\t\t\t\t\t\t\t\t\t<label for=\"form-field-Bank\" class=\"elementor-field-label elementor-screen-only\">\n\t\t\t\t\t\t\t\tKreditinstitut\t\t\t\t\t\t\t<\/label>\n\t\t\t\t\t\t\t\t\t\t\t\t\t\t<input size=\"1\" type=\"text\" name=\"form_fields[Bank]\" id=\"form-field-Bank\" class=\"elementor-field elementor-size-sm  elementor-field-textual\" placeholder=\"Kreditinstitut\">\n\t\t\t\t\t\t\t\t\t\t\t<\/div>\n\t\t\t\t\t\t\t\t<div class=\"elementor-field-type-text elementor-field-group elementor-column elementor-field-group-IBAN elementor-col-33\">\n\t\t\t\t\t\t\t\t\t\t\t\t<label for=\"form-field-IBAN\" class=\"elementor-field-label elementor-screen-only\">\n\t\t\t\t\t\t\t\tIBAN\t\t\t\t\t\t\t<\/label>\n\t\t\t\t\t\t\t\t\t\t\t\t\t\t<input size=\"1\" type=\"text\" name=\"form_fields[IBAN]\" id=\"form-field-IBAN\" class=\"elementor-field elementor-size-sm  elementor-field-textual\" placeholder=\"IBAN\">\n\t\t\t\t\t\t\t\t\t\t\t<\/div>\n\t\t\t\t\t\t\t\t<div class=\"elementor-field-type-text elementor-field-group elementor-column elementor-field-group-BIC elementor-col-33\">\n\t\t\t\t\t\t\t\t\t\t\t\t<label for=\"form-field-BIC\" class=\"elementor-field-label elementor-screen-only\">\n\t\t\t\t\t\t\t\tBIC\t\t\t\t\t\t\t<\/label>\n\t\t\t\t\t\t\t\t\t\t\t\t\t\t<input size=\"1\" type=\"text\" name=\"form_fields[BIC]\" id=\"form-field-BIC\" class=\"elementor-field elementor-size-sm  elementor-field-textual\" placeholder=\"BIC\">\n\t\t\t\t\t\t\t\t\t\t\t<\/div>\n\t\t\t\t\t\t\t\t<div class=\"elementor-field-group elementor-column elementor-field-type-submit elementor-col-100 e-form__buttons\">\n\t\t\t\t\t<button class=\"elementor-button elementor-size-sm elementor-animation-grow\" type=\"submit\">\n\t\t\t\t\t\t<span class=\"elementor-button-content-wrapper\">\n\t\t\t\t\t\t\t\t\t\t\t\t\t\t\t\t\t\t\t\t\t\t<span class=\"elementor-button-text\">Abschicken<\/span>\n\t\t\t\t\t\t\t\t\t\t\t\t\t<\/span>\n\t\t\t\t\t<\/button>\n\t\t\t\t<\/div>\n\t\t\t<\/div>\n\t\t<\/form>\n\t\t\t\t<\/div>\n\t\t\t\t<\/div>\n\t\t\t\t\t<\/div>\n\t\t<\/div>\n\t\t\t\t\t<\/div>\n\t\t<\/section>\n\t\t\t\t<\/div>\n\t\t","protected":false},"excerpt":{"rendered":"<p>Herzlich Willkommen Wir freuen uns schon auf die Zusammenarbeit mit Ihnen. Damit alles von Anfang an reibungslos klappt, legen wir als Erstes ein Kundenkonto an. Dazu m\u00f6chten wir Sie bitten, das folgende Formular auszuf\u00fcllen. Erkl\u00e4rung zum Datenschutz: Es unterliegt Ihrer freien Entscheidung, ob Sie die folgenden Daten angeben. Wir verzichten in unserem Kontaktformular vollst\u00e4ndig auf &#8230; <a title=\"customer-d\" class=\"read-more\" href=\"https:\/\/fgv-rental.de\/index.php\/customer-d\/\" aria-label=\"More on customer-d\">Read more<\/a><\/p>\n","protected":false},"author":1,"featured_media":0,"parent":0,"menu_order":0,"comment_status":"closed","ping_status":"closed","template":"","meta":{"generate_page_header":"","footnotes":""},"class_list":["post-4900","page","type-page","status-publish"],"aioseo_notices":[],"_links":{"self":[{"href":"https:\/\/fgv-rental.de\/index.php\/wp-json\/wp\/v2\/pages\/4900","targetHints":{"allow":["GET"]}}],"collection":[{"href":"https:\/\/fgv-rental.de\/index.php\/wp-json\/wp\/v2\/pages"}],"about":[{"href":"https:\/\/fgv-rental.de\/index.php\/wp-json\/wp\/v2\/types\/page"}],"author":[{"embeddable":true,"href":"https:\/\/fgv-rental.de\/index.php\/wp-json\/wp\/v2\/users\/1"}],"replies":[{"embeddable":true,"href":"https:\/\/fgv-rental.de\/index.php\/wp-json\/wp\/v2\/comments?post=4900"}],"version-history":[{"count":1,"href":"https:\/\/fgv-rental.de\/index.php\/wp-json\/wp\/v2\/pages\/4900\/revisions"}],"predecessor-version":[{"id":6570,"href":"https:\/\/fgv-rental.de\/index.php\/wp-json\/wp\/v2\/pages\/4900\/revisions\/6570"}],"wp:attachment":[{"href":"https:\/\/fgv-rental.de\/index.php\/wp-json\/wp\/v2\/media?parent=4900"}],"curies":[{"name":"wp","href":"https:\/\/api.w.org\/{rel}","templated":true}]}}