{"id":2746,"date":"2018-03-26T21:59:32","date_gmt":"2018-03-26T19:59:32","guid":{"rendered":"https:\/\/fgv-rental.de\/?page_id=2746"},"modified":"2018-05-30T21:24:28","modified_gmt":"2018-05-30T19:24:28","slug":"history-d","status":"publish","type":"page","link":"https:\/\/fgv-rental.de\/index.php\/history-d\/","title":{"rendered":"history-d"},"content":{"rendered":"\t\t<div data-elementor-type=\"wp-post\" data-elementor-id=\"2746\" class=\"elementor elementor-2746 elementor-bc-flex-widget\" data-elementor-post-type=\"page\">\n\t\t\t\t\t\t<section class=\"elementor-section elementor-top-section elementor-element elementor-element-f859e89 elementor-section-boxed elementor-section-height-default elementor-section-height-default\" data-id=\"f859e89\" data-element_type=\"section\" data-settings=\"{&quot;background_background&quot;:&quot;classic&quot;}\">\n\t\t\t\t\t\t<div class=\"elementor-container elementor-column-gap-default\">\n\t\t\t\t\t<div class=\"elementor-column elementor-col-100 elementor-top-column elementor-element elementor-element-a78e7ef\" data-id=\"a78e7ef\" data-element_type=\"column\">\n\t\t\t<div class=\"elementor-widget-wrap elementor-element-populated\">\n\t\t\t\t\t\t<section class=\"elementor-section elementor-inner-section elementor-element elementor-element-78234e1 elementor-section-boxed elementor-section-height-default elementor-section-height-default\" data-id=\"78234e1\" data-element_type=\"section\">\n\t\t\t\t\t\t<div class=\"elementor-container elementor-column-gap-default\">\n\t\t\t\t\t<div class=\"elementor-column elementor-col-66 elementor-inner-column elementor-element elementor-element-509fcac\" data-id=\"509fcac\" data-element_type=\"column\">\n\t\t\t<div class=\"elementor-widget-wrap elementor-element-populated\">\n\t\t\t\t\t\t<div class=\"elementor-element elementor-element-6b91c82 elementor-widget elementor-widget-text-editor\" data-id=\"6b91c82\" data-element_type=\"widget\" data-widget_type=\"text-editor.default\">\n\t\t\t\t<div class=\"elementor-widget-container\">\n\t\t\t\t\t\t\t<h1>1972\u2026<\/h1><p>\u2026es beginnt mit einer einfachen Idee, zwei M\u00e4nnern und einer handvoll Ger\u00e4te: Erich Fitz, damals Kameraassistent, und Hans Joachim Schmidle, Kameramann, erleben bei ihrer Arbeit, dass die Nachfrage nach professionellem Film- und Fernsehequipment deutlich gr\u00f6\u00dfer ist, als das Angebot. Der Gedanke an einen eigenen Verleih, der nicht nur Ger\u00e4te, sondern auch Erfahrung aus eigenen Dreharbeiten bietet ist geboren. Der erste Bestand: Ein Sachtler Hydrokopf, eine Arri 35mm IIC, eine Arri 16mm und zwei Kilar Macroobjetive.<\/p><p>Drei Jahre sp\u00e4ter hat sich daraus ein so ansehnlicher Ger\u00e4tepark entwickelt, dass man in den langj\u00e4hrigen Stammsitz in der Rotbuchenstra\u00dfe zieht. Die Kunden geh\u00f6ren zu den heute weltweit bekanntesten \u201aKinolegenden\u2019: Charly Steinberger, Wolfgang Treu, Gernot Roll, Jost Vancano, Michael Ballhaus, Wolfgang Peter Hassenstein, Josef Vilsmeier und viele andere.<\/p>\t\t\t\t\t\t<\/div>\n\t\t\t\t<\/div>\n\t\t\t\t\t<\/div>\n\t\t<\/div>\n\t\t\t\t<div class=\"elementor-column elementor-col-33 elementor-inner-column elementor-element elementor-element-e642f4c\" data-id=\"e642f4c\" data-element_type=\"column\">\n\t\t\t<div class=\"elementor-widget-wrap elementor-element-populated\">\n\t\t\t\t\t\t<div class=\"elementor-element elementor-element-6f17b7e elementor-widget elementor-widget-image\" data-id=\"6f17b7e\" data-element_type=\"widget\" data-widget_type=\"image.default\">\n\t\t\t\t<div class=\"elementor-widget-container\">\n\t\t\t\t\t\t\t\t\t\t\t\t\t\t<a href=\"https:\/\/fgv-rental.de\/wp-content\/uploads\/history-01.jpg\" data-elementor-open-lightbox=\"yes\" data-elementor-lightbox-title=\"history-01\" data-e-action-hash=\"#elementor-action%3Aaction%3Dlightbox%26settings%3DeyJpZCI6Mjc0OSwidXJsIjoiaHR0cHM6XC9cL2Zndi1yZW50YWwuZGVcL3dwLWNvbnRlbnRcL3VwbG9hZHNcL2hpc3RvcnktMDEuanBnIn0%3D\">\n\t\t\t\t\t\t\t<img fetchpriority=\"high\" decoding=\"async\" width=\"512\" height=\"768\" src=\"https:\/\/fgv-rental.de\/wp-content\/uploads\/history-01.jpg\" class=\"attachment-medium_large size-medium_large wp-image-2749\" alt=\"\" srcset=\"https:\/\/fgv-rental.de\/wp-content\/uploads\/history-01.jpg 512w, https:\/\/fgv-rental.de\/wp-content\/uploads\/history-01-200x300.jpg 200w\" sizes=\"(max-width: 512px) 100vw, 512px\" \/>\t\t\t\t\t\t\t\t<\/a>\n\t\t\t\t\t\t\t\t\t\t\t\t\t<\/div>\n\t\t\t\t<\/div>\n\t\t\t\t<div class=\"elementor-element elementor-element-c6fa06c elementor-widget elementor-widget-text-editor\" data-id=\"c6fa06c\" data-element_type=\"widget\" data-widget_type=\"text-editor.default\">\n\t\t\t\t<div class=\"elementor-widget-container\">\n\t\t\t\t\t\t\t<p>Einleitung zur ersten Preisliste<\/p>\t\t\t\t\t\t<\/div>\n\t\t\t\t<\/div>\n\t\t\t\t\t<\/div>\n\t\t<\/div>\n\t\t\t\t\t<\/div>\n\t\t<\/section>\n\t\t\t\t\t<\/div>\n\t\t<\/div>\n\t\t\t\t\t<\/div>\n\t\t<\/section>\n\t\t\t\t<section class=\"elementor-section elementor-top-section elementor-element elementor-element-85e4f40 elementor-section-boxed elementor-section-height-default elementor-section-height-default\" data-id=\"85e4f40\" data-element_type=\"section\">\n\t\t\t\t\t\t<div class=\"elementor-container elementor-column-gap-default\">\n\t\t\t\t\t<div class=\"elementor-column elementor-col-100 elementor-top-column elementor-element elementor-element-276b8b6\" data-id=\"276b8b6\" data-element_type=\"column\" data-settings=\"{&quot;background_background&quot;:&quot;classic&quot;}\">\n\t\t\t<div class=\"elementor-widget-wrap elementor-element-populated\">\n\t\t\t\t\t\t<section class=\"elementor-section elementor-inner-section elementor-element elementor-element-a000944 elementor-section-boxed elementor-section-height-default elementor-section-height-default\" data-id=\"a000944\" data-element_type=\"section\">\n\t\t\t\t\t\t<div class=\"elementor-container elementor-column-gap-default\">\n\t\t\t\t\t<div class=\"elementor-column elementor-col-33 elementor-inner-column elementor-element elementor-element-08eaff3\" data-id=\"08eaff3\" data-element_type=\"column\">\n\t\t\t<div class=\"elementor-widget-wrap elementor-element-populated\">\n\t\t\t\t\t\t<div class=\"elementor-element elementor-element-7e93cd8 elementor-widget elementor-widget-image\" data-id=\"7e93cd8\" data-element_type=\"widget\" data-widget_type=\"image.default\">\n\t\t\t\t<div class=\"elementor-widget-container\">\n\t\t\t\t\t\t\t\t\t\t\t\t\t\t<a href=\"https:\/\/fgv-rental.de\/wp-content\/uploads\/history-02.jpg\" data-elementor-open-lightbox=\"yes\" data-elementor-lightbox-title=\"history-02\" data-e-action-hash=\"#elementor-action%3Aaction%3Dlightbox%26settings%3DeyJpZCI6Mjc1MCwidXJsIjoiaHR0cHM6XC9cL2Zndi1yZW50YWwuZGVcL3dwLWNvbnRlbnRcL3VwbG9hZHNcL2hpc3RvcnktMDIuanBnIn0%3D\">\n\t\t\t\t\t\t\t<img decoding=\"async\" width=\"512\" height=\"768\" src=\"https:\/\/fgv-rental.de\/wp-content\/uploads\/history-02.jpg\" class=\"attachment-medium_large size-medium_large wp-image-2750\" alt=\"\" srcset=\"https:\/\/fgv-rental.de\/wp-content\/uploads\/history-02.jpg 512w, https:\/\/fgv-rental.de\/wp-content\/uploads\/history-02-200x300.jpg 200w\" sizes=\"(max-width: 512px) 100vw, 512px\" \/>\t\t\t\t\t\t\t\t<\/a>\n\t\t\t\t\t\t\t\t\t\t\t\t\t<\/div>\n\t\t\t\t<\/div>\n\t\t\t\t<div class=\"elementor-element elementor-element-68aad54 elementor-widget elementor-widget-text-editor\" data-id=\"68aad54\" data-element_type=\"widget\" data-widget_type=\"text-editor.default\">\n\t\t\t\t<div class=\"elementor-widget-container\">\n\t\t\t\t\t\t\t<p>1984 &#8211; wir nehmen&#8217;s mit Humor&#8230;<\/p>\t\t\t\t\t\t<\/div>\n\t\t\t\t<\/div>\n\t\t\t\t\t<\/div>\n\t\t<\/div>\n\t\t\t\t<div class=\"elementor-column elementor-col-66 elementor-inner-column elementor-element elementor-element-31fcd5a\" data-id=\"31fcd5a\" data-element_type=\"column\">\n\t\t\t<div class=\"elementor-widget-wrap elementor-element-populated\">\n\t\t\t\t\t\t<div class=\"elementor-element elementor-element-45ef25d elementor-widget elementor-widget-text-editor\" data-id=\"45ef25d\" data-element_type=\"widget\" data-widget_type=\"text-editor.default\">\n\t\t\t\t<div class=\"elementor-widget-container\">\n\t\t\t\t\t\t\t<h1>1990\u2026<\/h1><p>\u2026entsteht aus der FGV die heutige FGV Schmidle GmbH M\u00fcnchen. Alleiniger Gesch\u00e4ftsf\u00fchrer wird Hans Joachim Schmidle. Ein Jahr sp\u00e4ter \u00fcbernimmt er das \u00e4lteste deutsche Verleihhaus \u2013 die Firma Onasch. FGV Schmidle ist seitdem mit einem eigenen Verleih auch in der neuen Hauptstadt vertreten und besch\u00e4ftigt rund 30 Mitarbeiter in M\u00fcnchen und Berlin.<\/p><p>F\u00fcr unsere Kunden war es dabei immer besonders wichtig, dass FGV Schmidle ein Familienbetrieb im besten Sinne des Wortes und mit allen Vorteilen der \u201ekurzen Wege\u201c und unmittelbaren, pers\u00f6nlichem Kontakt geblieben ist: So f\u00fchrte Margarete Schmidle von Beginn an die Buchhaltung. Die S\u00f6hne Oliver (Bankkaufmann) und Markus (Ingenieur FH) sind Anfang der 90er Jahre in die Firma eingetreten und f\u00fchren den Betrieb seit 2002 als Gesch\u00e4ftsf\u00fchrer im Sinne ihrer Eltern weiter.<\/p>\t\t\t\t\t\t<\/div>\n\t\t\t\t<\/div>\n\t\t\t\t\t<\/div>\n\t\t<\/div>\n\t\t\t\t\t<\/div>\n\t\t<\/section>\n\t\t\t\t\t<\/div>\n\t\t<\/div>\n\t\t\t\t\t<\/div>\n\t\t<\/section>\n\t\t\t\t<section class=\"elementor-section elementor-top-section elementor-element elementor-element-5f4cea8 elementor-section-boxed elementor-section-height-default elementor-section-height-default\" data-id=\"5f4cea8\" data-element_type=\"section\" data-settings=\"{&quot;background_background&quot;:&quot;classic&quot;}\">\n\t\t\t\t\t\t<div class=\"elementor-container elementor-column-gap-default\">\n\t\t\t\t\t<div class=\"elementor-column elementor-col-100 elementor-top-column elementor-element elementor-element-c9c5d47\" data-id=\"c9c5d47\" data-element_type=\"column\">\n\t\t\t<div class=\"elementor-widget-wrap elementor-element-populated\">\n\t\t\t\t\t\t<section class=\"elementor-section elementor-inner-section elementor-element elementor-element-aba71ba elementor-section-boxed elementor-section-height-default elementor-section-height-default\" data-id=\"aba71ba\" data-element_type=\"section\">\n\t\t\t\t\t\t<div class=\"elementor-container elementor-column-gap-default\">\n\t\t\t\t\t<div class=\"elementor-column elementor-col-66 elementor-inner-column elementor-element elementor-element-3d2b92f\" data-id=\"3d2b92f\" data-element_type=\"column\">\n\t\t\t<div class=\"elementor-widget-wrap elementor-element-populated\">\n\t\t\t\t\t\t<div class=\"elementor-element elementor-element-60c436b elementor-widget elementor-widget-text-editor\" data-id=\"60c436b\" data-element_type=\"widget\" data-widget_type=\"text-editor.default\">\n\t\t\t\t<div class=\"elementor-widget-container\">\n\t\t\t\t\t\t\t<h1>2007\u2026<\/h1><p>\u2026erfolgt dann ein Quantensprung: \u00dcber drei Jahre wurde ein eigenes Leistungszentrum sorgf\u00e4ltig geplant und in der Aschauer Stra\u00dfe mit viel Liebe zum Detail neu erbaut. Mit dem entscheidenden Vorteil der kurzen Wege finden unsere Kunden hier unter einem Dach ein gro\u00dfes Studio und den Kamera, Licht und B\u00fchnenbereich vereint. Produktionsr\u00e4ume, zumietbare B\u00fcrofl\u00e4chen, Parkgarage, Terrassen, der weite Hofbereich und eine gro\u00dfz\u00fcgige Infrastruktur runden das Angebot ab.<\/p>\t\t\t\t\t\t<\/div>\n\t\t\t\t<\/div>\n\t\t\t\t\t<\/div>\n\t\t<\/div>\n\t\t\t\t<div class=\"elementor-column elementor-col-33 elementor-inner-column elementor-element elementor-element-a79fe6f\" data-id=\"a79fe6f\" data-element_type=\"column\">\n\t\t\t<div class=\"elementor-widget-wrap elementor-element-populated\">\n\t\t\t\t\t\t<div class=\"elementor-element elementor-element-6ae4404 elementor-widget elementor-widget-image\" data-id=\"6ae4404\" data-element_type=\"widget\" data-widget_type=\"image.default\">\n\t\t\t\t<div class=\"elementor-widget-container\">\n\t\t\t\t\t\t\t\t\t\t\t\t\t\t<a href=\"https:\/\/fgv-rental.de\/wp-content\/uploads\/history-03.jpg\" data-elementor-open-lightbox=\"yes\" data-elementor-lightbox-title=\"history-03\" data-e-action-hash=\"#elementor-action%3Aaction%3Dlightbox%26settings%3DeyJpZCI6Mjc1MSwidXJsIjoiaHR0cHM6XC9cL2Zndi1yZW50YWwuZGVcL3dwLWNvbnRlbnRcL3VwbG9hZHNcL2hpc3RvcnktMDMuanBnIn0%3D\">\n\t\t\t\t\t\t\t<img decoding=\"async\" width=\"512\" height=\"769\" src=\"https:\/\/fgv-rental.de\/wp-content\/uploads\/history-03.jpg\" class=\"attachment-medium_large size-medium_large wp-image-2751\" alt=\"\" srcset=\"https:\/\/fgv-rental.de\/wp-content\/uploads\/history-03.jpg 512w, https:\/\/fgv-rental.de\/wp-content\/uploads\/history-03-200x300.jpg 200w\" sizes=\"(max-width: 512px) 100vw, 512px\" \/>\t\t\t\t\t\t\t\t<\/a>\n\t\t\t\t\t\t\t\t\t\t\t\t\t<\/div>\n\t\t\t\t<\/div>\n\t\t\t\t<div class=\"elementor-element elementor-element-3cf2b53 elementor-widget elementor-widget-text-editor\" data-id=\"3cf2b53\" data-element_type=\"widget\" data-widget_type=\"text-editor.default\">\n\t\t\t\t<div class=\"elementor-widget-container\">\n\t\t\t\t\t\t\t<p>und beginnen eigene Entwicklungen<\/p>\t\t\t\t\t\t<\/div>\n\t\t\t\t<\/div>\n\t\t\t\t\t<\/div>\n\t\t<\/div>\n\t\t\t\t\t<\/div>\n\t\t<\/section>\n\t\t\t\t\t<\/div>\n\t\t<\/div>\n\t\t\t\t\t<\/div>\n\t\t<\/section>\n\t\t\t\t<\/div>\n\t\t","protected":false},"excerpt":{"rendered":"<p>1972\u2026 \u2026es beginnt mit einer einfachen Idee, zwei M\u00e4nnern und einer handvoll Ger\u00e4te: Erich Fitz, damals Kameraassistent, und Hans Joachim Schmidle, Kameramann, erleben bei ihrer Arbeit, dass die Nachfrage nach professionellem Film- und Fernsehequipment deutlich gr\u00f6\u00dfer ist, als das Angebot. Der Gedanke an einen eigenen Verleih, der nicht nur Ger\u00e4te, sondern auch Erfahrung aus eigenen &#8230; <a title=\"history-d\" class=\"read-more\" href=\"https:\/\/fgv-rental.de\/index.php\/history-d\/\" aria-label=\"More on history-d\">Read more<\/a><\/p>\n","protected":false},"author":1,"featured_media":0,"parent":0,"menu_order":0,"comment_status":"closed","ping_status":"closed","template":"","meta":{"generate_page_header":"","footnotes":""},"class_list":["post-2746","page","type-page","status-publish"],"aioseo_notices":[],"_links":{"self":[{"href":"https:\/\/fgv-rental.de\/index.php\/wp-json\/wp\/v2\/pages\/2746","targetHints":{"allow":["GET"]}}],"collection":[{"href":"https:\/\/fgv-rental.de\/index.php\/wp-json\/wp\/v2\/pages"}],"about":[{"href":"https:\/\/fgv-rental.de\/index.php\/wp-json\/wp\/v2\/types\/page"}],"author":[{"embeddable":true,"href":"https:\/\/fgv-rental.de\/index.php\/wp-json\/wp\/v2\/users\/1"}],"replies":[{"embeddable":true,"href":"https:\/\/fgv-rental.de\/index.php\/wp-json\/wp\/v2\/comments?post=2746"}],"version-history":[{"count":0,"href":"https:\/\/fgv-rental.de\/index.php\/wp-json\/wp\/v2\/pages\/2746\/revisions"}],"wp:attachment":[{"href":"https:\/\/fgv-rental.de\/index.php\/wp-json\/wp\/v2\/media?parent=2746"}],"curies":[{"name":"wp","href":"https:\/\/api.w.org\/{rel}","templated":true}]}}